{"id":2082,"date":"2022-04-04T09:28:35","date_gmt":"2022-04-04T09:28:35","guid":{"rendered":"https:\/\/mutastore.com\/?page_id=2082"},"modified":"2022-04-28T20:34:00","modified_gmt":"2022-04-28T20:34:00","slug":"privacy-policy","status":"publish","type":"page","link":"https:\/\/mutastore.com\/lv\/privacy-policy\/","title":{"rendered":"Priv\u0101tuma politika"},"content":{"rendered":"\t\t<div data-elementor-type=\"wp-page\" data-elementor-id=\"2082\" class=\"elementor elementor-2082\" data-elementor-post-type=\"page\">\n\t\t\t\t\t\t<section class=\"elementor-section elementor-top-section elementor-element elementor-element-59500b5 elementor-section-boxed elementor-section-height-default elementor-section-height-default\" data-id=\"59500b5\" data-element_type=\"section\" data-e-type=\"section\" data-no-translation=\"\">\n\t\t\t\t\t\t<div class=\"elementor-container elementor-column-gap-default\">\n\t\t\t\t\t<div class=\"elementor-column elementor-col-100 elementor-top-column elementor-element elementor-element-b53a5e1\" data-id=\"b53a5e1\" data-element_type=\"column\" data-e-type=\"column\">\n\t\t\t<div class=\"elementor-widget-wrap elementor-element-populated\">\n\t\t\t\t\t\t<div class=\"elementor-element elementor-element-dbbdfa6 elementor-widget elementor-widget-heading\" data-id=\"dbbdfa6\" data-element_type=\"widget\" data-e-type=\"widget\" data-widget_type=\"heading.default\">\n\t\t\t\t<div class=\"elementor-widget-container\">\n\t\t\t\t\t<h1 class=\"elementor-heading-title elementor-size-default\">Priv\u0101tuma politika<\/h1>\t\t\t\t<\/div>\n\t\t\t\t<\/div>\n\t\t\t\t<div class=\"elementor-element elementor-element-3285aef strong-bigger elementor-widget elementor-widget-text-editor\" data-id=\"3285aef\" data-element_type=\"widget\" data-e-type=\"widget\" data-widget_type=\"text-editor.default\">\n\t\t\t\t<div class=\"elementor-widget-container\">\n\t\t\t\t\t\t\t\t\t<p>M\u016bsu vietnes adrese ir: https:\/\/ mutastore.com.<\/p><p><strong>Saist\u012bbas<\/strong><br \/>\u0160\u012b Priv\u0101tuma politika paskaidro to, k\u0101 \u201cmutastore.com\u201d iev\u0101c par Jums person\u012bgos datus, k\u0101 tos glab\u0101, izmanto un kad izpau\u017e \u0161os datus, turpm\u0101k \u201cmutastore.com\u201d tekst\u0101 apz\u012bm\u0113ta ar \u201cVietne\u201d.<\/p><p>\u201cVietne\u201d ap\u0146emas aizsarg\u0101t J\u016bsu person\u012bgo datu priv\u0101tumu, kuri tiek ieg\u016bti no Jums, taj\u0101 skait\u0101 datus, kas tiek ieg\u016bti, kad J\u016bs apmekl\u0113jat \u201cVietne\u201d m\u0101jaslapas. M\u0113s augsti nov\u0113rt\u0113jam J\u016bsu priv\u0101tumu un t\u0101p\u0113c \u0161\u012b politika ir viegli piejama m\u016bsu m\u0101jaslap\u0101, lai pal\u012bdz\u0113tu Jums izprast, k\u0101 tiek izmantota inform\u0101cija, kas ieg\u016bta m\u0101jaslapas izmanto\u0161anas laik\u0101. Priv\u0101tuma politika apraksta person\u012bg\u0101s inform\u0101cijas apstr\u0101d\u0101\u0161anas pamatprincipus.<\/p><p><strong>Inform\u0101cija, ko iev\u0101cam<\/strong><br \/>Ir divu veidu inform\u0101cija, ko \u201cVietne\u201d var iev\u0101kt par Jums: \u201cAnon\u012bmie dati\u201d un \u201cPerson\u012bgie dati.\u201d<\/p><p><strong>Anon\u012bmie dati<\/strong><br \/>Anon\u012bmie dati sast\u0101v no re\u0123istra datn\u0113m un S\u012bkdatn\u0113m \u2013 \u0161ie dati nav personiski identific\u0113jami, k\u0101 J\u016bsu Interneta Protocola (\u201cIP\u201d) adrese, dom\u0113ns vai inform\u0101cija par \u201cVietne\u201d\u00a0m\u0101jaslapas izmanto\u0161anu, kas tiks izmantota tikai administrat\u012bv\u0101m vajadz\u012bb\u0101m. \u0160\u012b m\u0101jaslapa izmanto nozares standarta anal\u012btisk\u0101s pakas, kas autom\u0101tiski iev\u0101c ierobe\u017eotu inform\u0101ciju par m\u0101jaslapas apmekl\u0113t\u0101jiem un saglab\u0101 \u0161o inform\u0101ciju servera re\u0123istru arh\u012bv\u0101. \u0160\u012b inform\u0101cija var satur\u0113t IP addresi, p\u0101rl\u016bka veidu, pamat IP inform\u0101ciju, atsauces lapas, izmantoto operat\u012bvo sist\u0113mu un datuma\/laika kodus. \u0160\u012b inform\u0101cija neindentific\u0113 individu\u0101lus apmekl\u0113t\u0101jus, t\u0101 tiek izmantota lapas administr\u0113\u0161anai, k\u0101 ar\u012b lapas pielietojuma un tenden\u010du anal\u012bzei.<\/p><p>S\u012bkdatnes var tikt izmantotas, lai atvieglotu un pa\u0101trin\u0101tu piek\u013cuvi m\u0101jaslapas iesp\u0113j\u0101m, t\u0101d\u0101m k\u0101 autoriz\u0113\u0161an\u0101s un\/vai atk\u0101rtotai apmekl\u0113\u0161anai. \u00a0S\u012bkdatnes ir \u013coti mazi teksta faili, kas tiek saglab\u0101ti person\u0101lo datorosatsau\u010du vajadz\u012bb\u0101m. M\u0113s nesasaist\u0101m inform\u0101ciju, kas glab\u0101jas s\u012bkdatn\u0113s ar person\u012bgi identific\u0113jamu inform\u0101ciju, ko esat sniegu\u0161i m\u016bsu lap\u0101.<\/p><p><strong>S\u012bkdatnes<\/strong><\/p><p>Lai ieg\u016btu vair\u0101k inform\u0101cijas par to, k\u0101 izmantojam S\u012bkdatnes, <a href=\"https:\/\/mutastore.com\/cookie-policy\/\">lasi \u0161eit<\/a>.<\/p><p><strong>Google Analytics<\/strong><\/p><p>\u0160\u012b m\u0101jaslapa izmanto Google Analytics, kas pal\u012bdz analiz\u0113t to, k\u0101 apmekl\u0113t\u0101ji izmanto m\u0101jaslapu. \u0160is instruments izmanto \u201cs\u012bkdatnes,\u201d teksta failus, kas tiek izvietoti j\u016bsu dator\u0101, lai anon\u012bmi sav\u0101ktu standarta Interneta re\u0123istr\u0101ciju un apmekl\u0113t\u0101ju uzved\u012bbu inform\u0101ciju. Inform\u0101cija, ko iev\u0101c s\u012bkdatne par to, k\u0101 J\u016bs izmantojat m\u0101jaslapu, taj\u0101 skait\u0101 J\u016bsu IP adrese, tiek nos\u016bt\u012bta Google. \u0160\u012b inform\u0101cija tiek izmantota, lai nov\u0113rt\u0113tu, k\u0101 apmekl\u0113t\u0101ji izmanto m\u0101jaslapu un lai veidotu statistisk\u0101s atskaites par lapas aktivit\u0101ti \u201cVietn\u0113\u201d.<\/p><p>M\u0113s nekad neizmantosim un ar\u012b ne\u013causim k\u0101dai tre\u0161ai pusei izmantot \u0161o statistikas anal\u012bzes instrumentu, lai izsekotu un ieg\u016btu priv\u0101tu inform\u0101ciju par m\u016bsu m\u0101jaslapas apmekl\u0113t\u0101jiem. Google nesasaist\u012bs J\u016bsu IP adresi ar jebk\u0101diem citiem datiem, kas pieejami Google. M\u0113s nesasaist\u012bsim jebk\u0101dus datus, kas ieg\u016bti \u0161aj\u0101 m\u0101jaslap\u0101 ar personiski identific\u0113jamu inform\u0101ciju, iz\u0146emot gad\u012bjumus, kad J\u016bs iesniegsiet inform\u0101ciju m\u016bsu m\u0101jaslapas aizpild\u0101maj\u0101 form\u0101.<\/p><p><strong>Person\u012bgie dati<\/strong><\/p><p>Person\u012bgie dati ir jebkuri dati, kas J\u016bs personiski identific\u0113,\u00a0piem\u0113ram, J\u016bsu v\u0101rds, adrese, e-pasta adrese vai telefona numurs. M\u0113s iev\u0101cam \u0161\u0101du inform\u0101ciju tad, kad J\u016bs piedal\u0101ties konkurs\u0101, pierakst\u0101ties m\u016bsu jaunumu sa\u0146em\u0161anai vai iesaistieties cit\u0101s tie\u0161saistes aktivit\u0101t\u0113s, piem\u0113ram, ieg\u0101d\u0101joties produktus vai pakalpojumus.<\/p><p>Kad m\u0113s iev\u0101cam personiski identific\u0113jamu inform\u0101ciju, Jums ir iesp\u0113ja pieteikties sa\u0146emt e-pastu vai cita veida digit\u0101lu komunik\u0101ciju no mums vai m\u016bsu biznesa partneriem.<\/p><p>Ja J\u016bs esat iesniegu\u0161i personiski identific\u0113jamu inform\u0101ciju \u201cVietne\u201d m\u0101jas ap\u0101, Jums ir iesp\u0113ja to labot, izmain\u012bt vai izdz\u0113st to, ja t\u0101 neatbilst paties\u012bbai.<\/p><p>Re\u0123istr\u0101cija nav nepiecie\u0161ama, lai piek\u013c\u016btu vai izmantotu \u0161o m\u0101jaslapu. Tom\u0113r \u0161\u012b m\u0101jaslapa var izveidot forumus, blogus, zi\u0146ojuma d\u0113\u013cus un citas lietas, kas b\u016bs pieejamas m\u0101jaslapas izmantot\u0101jiem. Jums, iesp\u0113jams, b\u016bs j\u0101piere\u0123istr\u0113jas, lai izmantotu \u0161\u012bs iesp\u0113jas, it \u012bpa\u0161i tad, ja v\u0113laties atst\u0101t koment\u0101rus vai pievienot rakstus.<\/p><p>Ja J\u016bs re\u0123istr\u0113jaties un \u0161\u012b procesa laik\u0101 iesniedzat personiski identific\u0113jamu inform\u0101ciju, esat dro\u0161i, ka \u0161\u012b inform\u0101cija netiks izplat\u012bta k\u0101dai tre\u0161ai pusei bez J\u016bsu at\u013caujas.<\/p><p>M\u0113s pied\u0101v\u0101jam m\u016bsu m\u0101jaslapas apmekl\u0113t\u0101jiem iesp\u0113ju pieteikties zi\u0146u sa\u0146em\u0161anai no mums. \u0160aj\u0101 gad\u012bjum\u0101 m\u0113s no apmekl\u0113t\u0101ja prasam e-pasta adresi un v\u0101rdu. \u0160\u012bs komunik\u0101cijas sast\u0101v\u0101 ir m\u016bsu regul\u0101rais jaunumu zi\u0146ojums, produktu un pakalpojumu apraksti un jebk\u0101da cita inform\u0101cija, kas p\u0113c m\u016bsu dom\u0101m var\u0113tu b\u016bt svar\u012bga apmekl\u0113t\u0101jam. J\u016bs varat atteikties no k\u0101das \u0161\u012b pakalpojuma sast\u0101vda\u013cas vai visp\u0101r no \u0161\u012b pakalpojuma, uzklik\u0161\u0137inot uz \u2018\u2019atteikties\u2019\u2019 saites, kas ir atrodama katr\u0101 e-past\u0101, ko m\u0113s Jums nos\u016bt\u0101m.<\/p><p>Epastu kampa\u0146u mened\u017ementam izmantojam pakalpojumu Mailchimp. Vair\u0101k par Mailchimp priv\u0101tuma politiku mekl\u0113\u00a0<a href=\"https:\/\/mailchimp.com\/\" target=\"_blank\" rel=\"noopener\">\u0161eit<\/a>.<\/p><p>Ja J\u016bs iesniedzat savu e-pasta adresi un\/vai v\u0101rdu, lai sa\u0146emtu zi\u0146as no mums, tad \u0161\u012b inform\u0101cija netiks izplat\u012bta tre\u0161ai pusei bez J\u016bsu at\u013caujas.<\/p><p><strong>Pieeja personiski identific\u0113jamai inform\u0101cijai<\/strong><br \/>Ja J\u016bsu personiski identific\u0113jam\u0101 inform\u0101cija main\u0101s vai ja J\u016bs v\u0113laties, lai mums vairs neb\u016btu pieejama J\u016bsu personiski identific\u0113jam\u0101 inform\u0101cija, tad J\u016bs varat piepras\u012bt to izlabot, atjaunin\u0101t vai izdz\u0113st, nos\u016btot mums e-pastu, to atrodot sada\u013c\u0101 Kontakti.<\/p><p><strong>Iepirk\u0161an\u0101s interneta veikal\u0101\u00a0<\/strong><\/p><p><strong>Piem\u0113ro\u0161anas sf\u0113ra<\/strong><br \/>Priv\u0101tuma politiku piem\u0113ro priv\u0101tuma un personas datu aizsardz\u012bbas nodro\u0161in\u0101\u0161anai attiec\u012bb\u0101 uz fiziskaj\u0101m person\u0101m jeb datu subjektiem (turpm\u0101k \u2013 Klienti):<\/p><ul><li>potenci\u0101lajiem, biju\u0161ajiem un eso\u0161ajiem \u201cVietne\u201d klientiem un pirc\u0113jiem,<\/li><li>\u201cVietne\u201d interneta veikala apmekl\u0113t\u0101jiem.<\/li><\/ul><p>Priv\u0101tuma politika ir attiecin\u0101ma uz datu apstr\u0101di neatkar\u012bgi no t\u0101, k\u0101d\u0101 form\u0101 vai vid\u0113 Klients sniedz personas datus \u201cVietne\u201d internetveikal\u0101, pap\u012bra form\u0101t\u0101 vai elektroniski) un k\u0101d\u0101s sist\u0113m\u0101s vai pap\u012bra form\u0101 tie tiek apstr\u0101d\u0101ti.<\/p><p><strong>Maks\u0101juma apstr\u0101de<\/strong><\/p><p>Maks\u0101jumu apstr\u0101di nodro\u0161ina Brain Tree Payments tie\u0161saistes maks\u0101jumu integr\u0101cija, t\u0101p\u0113c m\u016bsu uz\u0146\u0113mums maks\u0101jumu izpildei nepiecie\u0161amos personas datus nodod \u0161iem \u00a0tie\u0161saistes maks\u0101juma sist\u0113mas p\u0101rvald\u012bbai. M\u0113s nesaglab\u0101jam maks\u0101juma deta\u013cas, sensit\u012bvos datus sav\u0101 vietn\u0113 \u201cVietn\u0113\u201d.<\/p><p>Vair\u0101k par to priv\u0101tuma un dat\u0146u politiku un dro\u0161\u012bbu lasiet\u00a0<a href=\"http:\/\/www.braintreepayments.com\" target=\"_blank\" rel=\"noopener\">\u0161eit<\/a>.<\/p><p><strong>Personas datu apstr\u0101des m\u0113r\u0137i (nol\u016bki)<\/strong><\/p><p>\u201cVietne\u201d apstr\u0101d\u0101 personas datus \u0161\u0101diem m\u0113r\u0137iem (nol\u016bkiem):<\/p><ul><li>Pre\u010du un pakalpojumu p\u0101rdo\u0161anai un komercdarb\u012bbas nodro\u0161in\u0101\u0161anai:<\/li><\/ul><p>\u2013 klienta identific\u0113\u0161anai un apkalpo\u0161anai;<br \/>\u2013 pavadz\u012bmes vai r\u0113\u0137ina sagatavo\u0161anai;<br \/>\u2013 pre\u010du pieg\u0101dei (s\u016bt\u012b\u0161anai);<br \/>\u2013 pre\u010du atgrie\u0161anai vai mai\u0146ai;<br \/>\u2013 pirkuma naudas atgrie\u0161anai;<br \/>\u2013 garantijas saist\u012bbu izpildei;<br \/>\u2013 pre\u010du uzlabo\u0161anai, jaunu pre\u010du att\u012bst\u012bbai;<br \/>\u2013 komerci\u0101liem nol\u016bkiem \u2013 pre\u010du reklam\u0113\u0161anai un izplat\u012b\u0161anai;<br \/>\u2013 klientu s\u016bdz\u012bbu izskat\u012b\u0161anai un apstr\u0101dei;<br \/>\u2013 klientu notur\u0113\u0161anai<br \/>\u2013 lojalit\u0101tes cel\u0161anai jeb past\u0101v\u012bgo klientu priek\u0161roc\u012bbu (atlai\u017eu) pie\u0161\u0137ir\u0161anai;<br \/>\u2013 nor\u0113\u0137inu administr\u0113\u0161anai un atskai\u0161u sagatavo\u0161anai;<br \/>\u2013 m\u0101jaslapas un mobilo aplik\u0101ciju uztur\u0113\u0161anai un darb\u012bbas uzlabo\u0161anai;<br \/>\u2013 biznesa anal\u012bzei un pl\u0101no\u0161anai;<br \/>\u2013 statistikas veido\u0161anai, t\u012bmek\u013ca vietnes un pakalpojumu kvalit\u0101tes uzlabo\u0161anai;<br \/>\u2013 klientiem piel\u0101gota satura veido\u0161anai ar rekl\u0101mas pal\u012bdz\u012bbu.<\/p><ul><li>Inform\u0101cijas snieg\u0161anai valsts vai pa\u0161vald\u012bbu iest\u0101d\u0113m \u0101r\u0113jos normat\u012bvajos aktos noteiktajos gad\u012bjumos un apjom\u0101.<\/li><li>\u00a0<\/li><\/ul><p><strong>Personas datu apstr\u0101des tiesiskais pamats<\/strong><br \/>Klienta personas datu apstr\u0101des, ko veic \u201cVietne\u201d, tiesiskie (likum\u012bgie) pamati ir \u0161\u0101di:<\/p><ul><li>Klienta pieteikums vai pas\u016bt\u012bjums \u2013 lai izpild\u012btu Klienta pas\u016bt\u012bjumu (pirkumu), lai pieg\u0101d\u0101tu preci Klientam, atrieztu preci vai naudu, izskat\u012btu Klienta s\u016bdz\u012bbu, izpild\u012btu garantijas saist\u012bbas utml.;<\/li><li>normat\u012bvo aktu (likumu) izpildei \u2013 lai izpild\u012btu \u201cVietne\u201d saisto\u0161os normat\u012bvajos aktos (likumos) noteiktus pien\u0101kumus;<\/li><li>Klienta piekri\u0161ana;<\/li><li>likum\u012bg\u0101s intereses \u2013 lai realiz\u0113tu likum\u012bg\u0101s intereses, kas izriet no normat\u012bvajiem aktiem (likumiem) vai no \u201cVietne\u201d un Klienta starp\u0101 past\u0101vo\u0161aj\u0101m saist\u012bb\u0101m.<\/li><li>\u00a0<\/li><\/ul><p>\u201cVietnes\u201d likum\u012bg\u0101s intereses ir:<\/p><ul><li>veikt komercdarb\u012bbu;<\/li><li>veikt pre\u010du p\u0101rdo\u0161anu;<\/li><li>nodro\u0161in\u0101t l\u012bguma saist\u012bbu izpildi;<\/li><li>saglab\u0101t Klientu pieteikumus un iesniegumus par pre\u010du pirkumu, citus pieteikumus un iesniegumus, piez\u012bmes par tiem, t.sk., kas veikti mutiski, zvanot uz apkalpo\u0161anas t\u0101lru\u0146iem, interneta m\u0101jaslap\u0101;<\/li><li>analiz\u0113t m\u0101jaslapas un interneta viet\u0146u darb\u012bbu, izstr\u0101d\u0101t un ieviest to uzlabojumus;<\/li><li>administr\u0113t Klienta kontu m\u016bsu m\u0101jaslap\u0101;<\/li><li>veikt darb\u012bbas Klientu notur\u0113\u0161anai;<\/li><li>segment\u0113t klientu datu b\u0101zi pre\u010du efekt\u012bv\u0101kai p\u0101rdo\u0161anai;<\/li><li>att\u012bst\u012bt preces sortimentu;<\/li><li>reklam\u0113t savas preces, nos\u016btot komerci\u0101lus pazi\u0146ojumus;<\/li><li>nos\u016bt\u012bt citus zi\u0146ojumus par pas\u016bt\u012bjuma vai saist\u012bbu izpildes gaitu un izpildei b\u016btiskiem nosac\u012bjumiem;<\/li><li>nodro\u0161in\u0101t finan\u0161u un biznesa uzskaiti un anal\u012btiku;<\/li><li>nodro\u0161in\u0101t un veicin\u0101t pre\u010du p\u0101rdo\u0161anas un pieg\u0101des efektivit\u0101ti;<\/li><li>administr\u0113t maks\u0101jumus un neveiktus maks\u0101jumus;<\/li><li>v\u0113rsties valsts vai pa\u0161vald\u012bbu iest\u0101d\u0113s un ties\u0101 savu tiesisko intere\u0161u aizsardz\u012bbai, k\u0101 ar\u012b p\u0113c juridisk\u0101s pal\u012bdz\u012bbas;<\/li><\/ul><p><strong>Tre\u0161\u0101s puses un tre\u0161o pu\u0161u m\u0101jaslapas<\/strong><\/p><p>M\u0113s respekt\u0113jam J\u016bsu konfidencialit\u0101ti, un t\u0101p\u0113c jebkura inform\u0101cija, kas tiks iev\u0101kta \u0161aj\u0101 m\u0101jaslap\u0101, tiks tur\u0113ta slepen\u012bb\u0101. T\u0101 netiks p\u0101rdota vai izmantota k\u0101d\u0101 veid\u0101, kas var\u0113tu Jums kait\u0113t.<\/p><p>\u0160\u012b m\u0101jaslapa var satur\u0113t saites uz cit\u0101m m\u0101jaslap\u0101m, kur\u0101s mums nav piln\u012bgi nek\u0101das kontroles. L\u016bdzu \u0146emiet to v\u0113r\u0101, kad J\u016bs klik\u0161\u0137in\u0101t uz sait\u0113m; m\u0113s neesam atbild\u012bgi par priv\u0101tuma praktiku un politik\u0101m cit\u0101s m\u0101jaslap\u0101s. T\u0101p\u0113c iesak\u0101m apskat\u012bt katras m\u0101jaslapas priv\u0101tuma politiku neatkar\u012bgi no t\u0101, vai m\u016bsu m\u0101jaslap\u0101 ir vai nav saites uz t\u0101m.<\/p><p><strong>Piekri\u0161ana un labojumi<\/strong><\/p><p>Izmantojot\u00a0\u201cVietne\u201d un\/vai piedaloties\u00a0\u201cVietne\u201d aktivit\u0101t\u0113s, J\u016bs apliecin\u0101t savu piekri\u0161anu Priv\u0101tuma politikas noteikumiem. Ja J\u016bs nepiekr\u012btat \u0161ai Priv\u0101tuma politikai, l\u016bdzu neiesniedziet priv\u0101tu inform\u0101ciju \u0161aj\u0101 m\u0101jaslap\u0101.<\/p><p>M\u0113s sekojam nozares standartiem, lai aizsarg\u0101tu jebk\u0101du inform\u0101ciju, ko esat mums iesniegu\u0161i. Tom\u0113r ir j\u0101\u0146em v\u0113r\u0101, ka neviena no elektronisk\u0101s uzglab\u0101\u0161anas metod\u0113m nekad neb\u016bs 100% dro\u0161a. L\u012bdz ar to, k\u0101 jebkura cita organiz\u0101cija, m\u0113s nevaram garant\u0113t absol\u016btu dro\u0161\u012bbu J\u016bsu inform\u0101cijai.<\/p><p>\u201cVietne\u201d var veikt izmai\u0146as Priv\u0101tuma politik\u0101 jebkur\u0101 br\u012bd\u012b un p\u0113c saviem ieskatiem. Labojumi st\u0101jas sp\u0113k\u0101 p\u0113c to public\u0113\u0161anas m\u0101jaslap\u0101. J\u016bs esat atbild\u012bgs periodiski p\u0101rlas\u012bt \u0161o Priv\u0101tuma politiku, lai b\u016btu p\u0101rliecin\u0101ts, ka esat iepazinies ar izmai\u0146\u0101m.<\/p><p><strong>Jurisdikcija<\/strong><\/p><p>M\u0113s saglab\u0101jam ties\u012bbas izpaust J\u016bsu personiski identific\u0113jamo inform\u0101ciju, k\u0101 to pieprasa likumdo\u0161ana, un gad\u012bjumos, kad m\u0113s uzskat\u0101m, ka izpau\u0161ana ir nepiecie\u0161ama, lai aizsarg\u0101tu m\u016bsu ties\u012bbas un\/vai pak\u013caujoties juridisk\u0101m r\u012bc\u012bb\u0101m, tiesas pav\u0113st\u0113m vai juridiskiem procesiem.<\/p><p><strong>Kontakti<\/strong><\/p><p>SIA MUTASTORE<\/p><p>Mat\u012bsa iela 68 &#8211; 17, LV-1009, R\u012bga<\/p><p>Re\u0123istr\u0101cijas numurs 40203245469<\/p><p>PVN numurs LV40203245469<\/p><p>info@mutastore.com<\/p><p>mutastore.com<\/p><p><strong>\u0160\u012b Priv\u0101tuma politika p\u0113d\u0113jo reizi tika atjaunin\u0101ta [25.04.2022.].<\/strong><\/p><p>\u00a0<\/p>\t\t\t\t\t\t\t\t<\/div>\n\t\t\t\t<\/div>\n\t\t\t\t\t<\/div>\n\t\t<\/div>\n\t\t\t\t\t<\/div>\n\t\t<\/section>\n\t\t\t\t<\/div>\n\t\t","protected":false},"excerpt":{"rendered":"<p>Privacy policy Who We Are Our website address is: https:\/\/mutastore.com, further \u201cSite\u201d. What Personal Data We Collect And Why We Collect It Last updated: 30.04.2022. We operate\u00a0 https:\/\/mutastore.com.\u00a0(the \u201cSite\u201d). This page informs you of our policies regarding the collection, use and disclosure of Personal Information we receive from users of the Site. We use your [&hellip;]<\/p>\n","protected":false},"author":1,"featured_media":0,"parent":0,"menu_order":0,"comment_status":"closed","ping_status":"closed","template":"","meta":{"footnotes":""},"class_list":["post-2082","page","type-page","status-publish","hentry"],"_links":{"self":[{"href":"https:\/\/mutastore.com\/lv\/wp-json\/wp\/v2\/pages\/2082","targetHints":{"allow":["GET"]}}],"collection":[{"href":"https:\/\/mutastore.com\/lv\/wp-json\/wp\/v2\/pages"}],"about":[{"href":"https:\/\/mutastore.com\/lv\/wp-json\/wp\/v2\/types\/page"}],"author":[{"embeddable":true,"href":"https:\/\/mutastore.com\/lv\/wp-json\/wp\/v2\/users\/1"}],"replies":[{"embeddable":true,"href":"https:\/\/mutastore.com\/lv\/wp-json\/wp\/v2\/comments?post=2082"}],"version-history":[{"count":31,"href":"https:\/\/mutastore.com\/lv\/wp-json\/wp\/v2\/pages\/2082\/revisions"}],"predecessor-version":[{"id":3670,"href":"https:\/\/mutastore.com\/lv\/wp-json\/wp\/v2\/pages\/2082\/revisions\/3670"}],"wp:attachment":[{"href":"https:\/\/mutastore.com\/lv\/wp-json\/wp\/v2\/media?parent=2082"}],"curies":[{"name":"wp","href":"https:\/\/api.w.org\/{rel}","templated":true}]}}