{"id":322,"date":"2022-04-02T23:03:34","date_gmt":"2022-04-02T23:03:34","guid":{"rendered":"https:\/\/mutastore.com\/terms-conditions\/"},"modified":"2023-12-28T15:34:01","modified_gmt":"2023-12-28T13:34:01","slug":"terms-conditions","status":"publish","type":"page","link":"https:\/\/mutastore.com\/lv\/terms-conditions\/","title":{"rendered":"Noteikumi un nosac\u012bjumi\u200b"},"content":{"rendered":"<div data-elementor-type=\"wp-page\" data-elementor-id=\"322\" class=\"elementor elementor-322\" data-elementor-post-type=\"page\">\n\t\t\t\t\t\t<section class=\"elementor-section elementor-top-section elementor-element elementor-element-5a9121dd elementor-section-boxed elementor-section-height-default elementor-section-height-default\" data-id=\"5a9121dd\" data-element_type=\"section\" data-e-type=\"section\">\n\t\t\t\t\t\t<div class=\"elementor-container elementor-column-gap-default\">\n\t\t\t\t\t<div class=\"elementor-column elementor-col-100 elementor-top-column elementor-element elementor-element-1bf9fe83\" data-id=\"1bf9fe83\" data-element_type=\"column\" data-e-type=\"column\">\n\t\t\t<div class=\"elementor-widget-wrap elementor-element-populated\">\n\t\t\t\t\t\t<div class=\"elementor-element elementor-element-2a1ad05b elementor-widget elementor-widget-heading\" data-id=\"2a1ad05b\" data-element_type=\"widget\" data-e-type=\"widget\" data-widget_type=\"heading.default\">\n\t\t\t\t<div class=\"elementor-widget-container\">\n\t\t\t\t\t<h1 class=\"elementor-heading-title elementor-size-default\">Noteikumi un nosac\u012bjumi\u200b<\/h1>\t\t\t\t<\/div>\n\t\t\t\t<\/div>\n\t\t\t\t<div class=\"elementor-element elementor-element-11dcfd5 elementor-widget elementor-widget-text-editor\" data-id=\"11dcfd5\" data-element_type=\"widget\" data-e-type=\"widget\" data-widget_type=\"text-editor.default\">\n\t\t\t\t<div class=\"elementor-widget-container\">\n\t\t\t\t\t\t\t\t\t<p>1. Galvenie noteikumi<\/p><p>\u201eMUTASTORE\u2019\u2019, SIA, 40203245469, Matisa iela 68 &#8211; 19, Riga, LV-1009, Latvia, hereafter called MUTA, provides the available content on www.mutastore.com, hereafter called webpage, and renders service under the terms of payment, delivery and in compliance with terms and conditions of returning the purchase that can be found on webpage. By using the webpage customers confirm that they have read, understood and agree to comply with the terms. If a customer purchases clothing or cosmetics, hereafter called Goods, offered in MUTA webpage, via Internet then such a mutual agreement is considered as a Distance contract and it is subject to the regulations on Distance contract, including, but not limited to \u201cConsumer Rights Protection Law\u201d of the Republic of Latvia, \u201cRegulations Regarding Distance Contracts\u201d issued by The Cabinet of Ministers of the Republic of Latvia etc.<\/p><p>2. Lieto\u0161anas noteikumi<\/p><p>\u0160ie lieto\u0161anas noteikumi attiecas uz visiem dar\u012bjumiem, kuros J\u016bs iesaist\u0101ties ar MUTA (turpm\u0101k tekst\u0101 \u201eMUTA\u201d, \u201emums\u201d vai \u201em\u0113s\u201d). Veicot pas\u016bt\u012bjumu, J\u016bs autom\u0101tiski piekr\u012btat m\u016bsu\nlieto\u0161anas noteikumiem.<\/p><p>3. Priv\u0101tuma un dro\u0161\u012bbas noteikumi<\/p><p>MUTA ciena un r\u016bp\u0113jas par saviem klientiem, t\u0101p\u0113c nodro\u0161ina augst\u0101ko dro\u0161\u012bbas l\u012bmeni saska\u0146\u0101 ar Latvijas Republikas \u201cPersonas datu aizsardz\u012bbas likumu\u201d. \u0160\u012b m\u0101jaslapa ir dro\u0161a. Jebkuras inform\u0101cijas apmai\u0146a ir dro\u0161a, ja ir izpild\u012btas visas interneta lieto\u0161anas pras\u012bbas. Klienti var pas\u016bt\u012bt preces, iesniegt piepras\u012bjumus un pieteikties inform\u0101cijas sa\u0146em\u0161anai par jaunumiem, \u012bpa\u0161ajiem pied\u0101v\u0101jumiem utt. MUTA nekad neprasa un neapstr\u0101d\u0101 konfidenci\u0101lus personas datus. MUTA nekad neiev\u0101c un neuzglab\u0101 inform\u0101ciju par debetkart\u0113m un kred\u012btkart\u0113m. MUTA apkopo tikai inform\u0101ciju par pirkuma r\u0113\u0137inu un pieg\u0101di: klienta v\u0101rds, adrese, e-pasts, t\u0101lru\u0146a nr. MUTA izmanto klientu sniegto inform\u0101ciju, lai tos identific\u0113tu, k\u0101 ar\u012b situ\u0101cij\u0101s, kad tam ir likum\u012bgs piepras\u012bjums, t.i., kad likumi nosaka, ka personas dati ir j\u0101sniedz vald\u012bbas un pa\u0161vald\u012bbu instit\u016bcij\u0101m. MUTA ir ties\u012bbas sniegt klienta inform\u0101ciju tre\u0161ajai personai (piem\u0113ram, kurjerpastam) tikai attiec\u012bb\u0101 uz inform\u0101ciju, kas nepiecie\u0161ama pre\u010du pieg\u0101dei. Klientu person\u012bg\u0101 inform\u0101cija dod iesp\u0113ju inform\u0113t par jauniem pied\u0101v\u0101jumiem, \u012bpa\u0161ajiem pied\u0101v\u0101jumiem un cit\u0101m aktivit\u0101t\u0113m, kas saist\u012btas ar MUTA m\u0101rketingu. MUTA veic visus nepiecie\u0161amos m\u0101jaslapas uztur\u0113\u0161anas un att\u012bst\u012bbas pas\u0101kumus attiec\u012bb\u0101 uz klienta\npersonisk\u0101s inform\u0101cijas dro\u0161\u012bbu, lai aizsarg\u0101tu to pret z\u0101dz\u012bb\u0101m, pazaud\u0113\u0161anu, \u013caunpr\u0101t\u012bgu izmanto\u0161anu, neat\u013cautu piek\u013cuvi, iedarb\u012bbu, modific\u0113\u0161anu un korupciju. Lai gan m\u0113s dar\u0101m visu, lai nodro\u0161in\u0101tu j\u016bsu priv\u0101tumu,m\u0113s nevaram garant\u0113t, ka datu p\u0101rraide internet\u0101 vai jebkur\u0101 bezvadu t\u012bkl\u0101 ir 100% dro\u0161a. T\u0101p\u0113c m\u0113s v\u0113lamies j\u016bs inform\u0113t, ka past\u0101v dro\u0161\u012bbas un priv\u0101tuma ierobe\u017eojumi internet\u0101, kurus m\u0113s nevaram kontrol\u0113t. Visi maks\u0101juma dar\u012bjumi tiks \u0161ifr\u0113ti, izmantojot SSL tehnolo\u0123iju, kuru p\u0101rdev\u0113ji izmanto, lai nodro\u0161in\u0101tu tie\u0161saistes biznesa dro\u0161\u012bbu.T\u0101 izmanto svar\u012bgas savstarp\u0113j\u0101s autentifik\u0101cijas, datu \u0161ifr\u0113\u0161anas un datu integrit\u0101tes funkcijas dro\u0161iem dar\u012bjumiem.<\/p><p><span style=\"color: var( --e-global-color-text );\">4. Cenu politika\u00a0<\/span><\/p><p class=\"translation-block\">Eiro (EUR; \u20ac) val\u016bta tiek izmantota dar\u012bjumos ar vis\u0101m valst\u012bm. PVN ir iek\u013cauts preces cen\u0101 un ir atkar\u012bgs no valsts, uz kuru prece tiks pieg\u0101d\u0101ta. L\u016bdzam \u0146emt v\u0113r\u0101, ka visas cenas un produktu inform\u0101cija MUTA interneta veikal\u0101 ir main\u012bgas.<\/p><p><span style=\"color: var( --e-global-color-text );\">5. Kr\u0101sas<\/span><\/p><p>M\u0113s esam centu\u0161ies p\u0113c iespejas prec\u012bz\u0101k att\u0113lot m\u0101jaslap\u0101 pied\u0101v\u0101to produktu kr\u0101sas. Neskatoties uz to, kr\u0101sas, ko J\u016bs redzat b\u016bs atkar\u012bgas ar\u012b no J\u016bsu datora monitora iz\u0161\u0137irtsp\u0113jas,\nt\u0101d\u0113\u013c nevaram garant\u0113t, ka J\u016bsu monitora att\u0113lot\u0101s kr\u0101sas b\u016bs prec\u012bzas.<\/p><p>6. Pas\u016bt\u012b\u0161ana un apmaksa<\/p><p>Kad b\u016bsiet izv\u0113l\u0113jies preces, kuras v\u0113laties nopirkt, un nospiedis \u201eApstiprin\u0101t pas\u016bt\u012bjumu\u201d, J\u016bs sa\u0146emsiet apstiprin\u0101juma e-pastu. Nor\u0113\u0137inus internetveikal\u0101 varat veikt ar Visa, Visa Electron, MasterCard vai American Express bankas kart\u0113m. Ja velaties veikt k\u0101das izmai\u0146as J\u016bsu pas\u016bt\u012bjum\u0101, l\u016bdzu nekav\u0113joties sazinieties ar mums pa e-pastu muta@mutastore.com. Var gad\u012bties, ka m\u0113s nevaram preciz\u0113t J\u016bsu pas\u016bt\u012bjumu, t\u0101d\u0113\u013c jau iepriek\u0161 atvainojamies par sag\u0101d\u0101taj\u0101m ne\u0113rt\u012bb\u0101m, ta\u010du cent\u012bsimies dar\u012bt visu iesp\u0113jamo, lai Jums pal\u012bdz\u0113tu. M\u0113s\nnenododam kred\u012btkartes vai cita maks\u0101juma inform\u0101ciju tre\u0161aj\u0101m person\u0101m, iz\u0146emot maks\u0101juma apstr\u0101di par pas\u016bt\u012btaj\u0101m prec\u0113m k\u0101 noteikts likum\u0101.<\/p><p>7. D\u0101vanu kartes lieto\u0161anas noteikumi<\/p><p>MUTA virtu\u0101lo d\u0101vanu karti var izmantot tikai MUTA tie\u0161saistes veikal\u0101. Ja d\u0101vanu kartes v\u0113rt\u012bba ir maz\u0101ka par pas\u016bt\u012bjuma kop\u0113jo summu, jums b\u016bs j\u0101samaks\u0101 atlikums, izmantojot k\u0101du no cit\u0101m maks\u0101juma iesp\u0113j\u0101m. MUTA virtu\u0101l\u0101s d\u0101vanu kartes nevar aizst\u0101t, atgriezt vai izpirkt pret naudu. D\u0101vanu karti nevar izmantot citas d\u0101vanu kartes ieg\u0101dei. Ja esat atgriezis pas\u016bt\u012bjumu, kas apmaks\u0101ts ar d\u0101vanu karti, naudas summa, kas izt\u0113r\u0113ta par pas\u016bt\u012bjumu no d\u0101vanu kartes, tiks atmaks\u0101ta atpaka\u013c d\u0101vanas kartes veid\u0101.<\/p><p>8. Noteikumu izmai\u0146as<\/p><p>MUTA var periodiski izmain\u012bt \u0161os noteikumus, iek\u013caujot jaunas, iepriek\u0161 neparadz\u0113tus un neiek\u013cautus lieto\u0161anas noteikumus. Visas izmai\u0146as tiks public\u0113tas m\u0101jaslap\u0101. Turpm\u0101k apmekl\u0113jot un izmantojot m\u016bsu m\u0101jaslapu, J\u016bs piekr\u012btat vis\u0101m noteikumos veiktaj\u0101m izmai\u0146\u0101m. L\u016bdzu \u0146emiet v\u0113r\u0101, ka \u0161ie noteikumi attiecas tikai uz J\u016bsu sniegto inform\u0101ciju m\u016bsu m\u0101jaslap. Ja Jums rodas jebk\u0101di jaut\u0101jumi, l\u016bdzu sazinaties ar mums pa e-pastu www.muta@mutastore.com. Dro\u0161\u012bbas noteikumi p\u0113dejo reizi tika atjaunoti 2022. gada 16.mart\u0101.<\/p><p>9. Pieteik\u0161an\u0101s<\/p><p>Ja J\u016bs esat izv\u0113l\u0113jies sa\u0146emt e-pastus no MUTA, m\u0113s Jums pied\u0101v\u0101sim pla\u0161u inform\u0101ciju par tirdzniec\u012bbu, jaunaj\u0101m kolekcij\u0101m un citus MUTA jaunumus. E-pasta adrese tiks izmantota tikai m\u016bsu uz\u0146\u0113mum\u0101, lai nos\u016bt\u012btu Jums jaun\u0101ko inform\u0101ciju. M\u0113s cien\u0101m J\u016bsu ties\u012bbas uz priv\u0101tumu un nenodosim citiem uz\u0146\u0113mumiem J\u016bsu e-pasta adresi. Ja v\u0113laties atteikties sa\u0146emt MUTA jaunumus, sazinieties ar mums pa e-pastu muta@mutastore.com.<\/p><p>10. Pre\u010du pieejam\u012bba<\/p><p>Preces ir pieejamas un cenas ir sp\u0113k\u0101 tik ilgi, kam\u0113r t\u0101s ir redzamas m\u0101jaslap\u0101 un atrodas noliktav\u0101. Nor\u0101des par pieejam\u012bbu ir pieejamas pas\u016bt\u012b\u0161anas proces\u0101. \u0100rk\u0101rtas apst\u0101k\u013cos\nda\u017ek\u0101rt var rasties k\u013c\u016bdas vai izmai\u0146as, t\u0101d\u0101 situ\u0101cij\u0101 klients p\u0113c iesp\u0113jas \u0101tr\u0101k tiks inform\u0113ts pa e-pastu, un m\u0113s cent\u012bsimies pas\u016bt\u012bjumu izpild\u012bt p\u0113c iesp\u0113jas izdev\u012bg\u0101k\u0101 veid\u0101. <br \/>modifications may occasionally occur in exceptional circumstances and the customer will be informed by e-mail as soon as possible to fulfil the order in the best possible time and way.<\/p><p>11. Pieg\u0101de<\/p><p>All orders will be handle by Omniva Ltd. Your order will be shipped via the shipping method You have chosen during the check out process. The place of the delivery is deemed to be the <br \/>address that the customer indicates to MUTA. Although we use all reasonable means to ensure that your order is delivered within a specified time, we cannot take the responsibility for late deliveries due to circumstances outside of our control. We will do our best to inform you of any unexpected delay. Delivery costs:<br \/>Shipping in Latvia to Omniva parcel machine 2,24\u20ac, free from 150\u20ac.<br \/>Shipping in Estonia and Lithuania to Omniva parcel machine 4,84\u20ac, free from 150\u20ac.<br \/>Shipping in Europe by DPD courier 21\u20ac, free from 200\u20ac.<br \/>Shipping in Europe to DPD parcel machine 18\u20ac, free from 150\u20ac.<br \/>Shipping outside the EU please contact us via email (muta@mutastore.com).<br \/>Depending on the delivery address the order can be subject to extra shipping costs that will be explicitly indicated before payment confirmation and will be included in total cost.<br \/>Baltic States 2-3 working days.<br \/>Europe countries 3-5 working days.<br \/>Other countries (worldwide) 5-7 working days.<br \/>(Note that it may take longer in peak seasons, such as Christmas).<\/p><p>12. Pre\u010du atgrie\u0161ana<\/p><p>Ja j\u016bsu pas\u016bt\u012bt\u0101 prece ir boj\u0101ta vai uzskat\u0101t, ka t\u0101 neatbilst aprakstam, sazinieties ar mums, un m\u0113s ar liel\u0101ko prieku nok\u0101rtosim preces apmai\u0146u vai naudas atmaksu. Naudas atmaksa tiek veikta, tikl\u012bdz prece tiek sa\u0146emta atpaka\u013c. Ja prece tiek atgriezta neatbilst\u012bbas d\u0113\u013c, m\u0113s to pie\u0146emsim, ja par to tiks pazi\u0146ots 7 dienu laik\u0101 p\u0113c preces sa\u0146em\u0161anas br\u012b\u017ea. Divu iemeslu d\u0113\u013c m\u0113s nepie\u0146emam atpaka\u013c apak\u0161ve\u013cu. Pirmk\u0101rt, higi\u0113nas apsv\u0113ruma d\u0113\u013c un otrk\u0101rt, lai \u0161is produkts nenon\u0101ktu atkritumu poligon\u0101. Katru reizi, kad mums tiek atdota apak\u0161ve\u013ca, m\u0113s tos nevaram izmantot atk\u0101rtoti, t\u0101p\u0113c t\u0101 non\u0101k atkritumu poligon\u0101, ko m\u0113s esam ap\u0146\u0113mu\u0161ies mazin\u0101t, \u012bstenojot m\u016bsu ilgtermi\u0146a ilgtsp\u0113j\u012bbas misiju. Prece ir j\u0101nos\u016bta 14 dienu laik\u0101 kop\u0161 preces sa\u0146em\u0161anas br\u012b\u017ea. P\u0101rliecinieties vai prece joproj\u0101m ir ide\u0101l\u0101 st\u0101vokl\u012b ar pievienot\u0101m eti\u0137et\u0113m. MUTA patur ties\u012bbas atteikt jebkuru atgrie\u0161anu, kas neatbilst krit\u0113rijiem. MUTA nepie\u0146ems ap\u0123\u0113rbu, kuram ir redzamas valk\u0101\u0161anas paz\u012bmes.<\/p>\t\t\t\t\t\t\t\t<\/div>\n\t\t\t\t<\/div>\n\t\t\t\t\t<\/div>\n\t\t<\/div>\n\t\t\t\t\t<\/div>\n\t\t<\/section>\n\t\t\t\t<\/div>","protected":false},"excerpt":{"rendered":"<p>1. General agreement \u201eMUTASTORE\u2019\u2019, SIA, 40203245469, Matisa iela 68 &#8211; 19, Riga, LV-1009, Latvia, hereafter called MUTA, provides the available content on www.mutastore.com, hereafter called webpage, and renders service under the terms of payment, delivery and in compliance with terms and conditions of returning the purchase that can be found on webpage. By using the [&hellip;]<\/p>\n","protected":false},"author":1,"featured_media":0,"parent":0,"menu_order":0,"comment_status":"closed","ping_status":"closed","template":"","meta":{"footnotes":""},"class_list":["post-322","page","type-page","status-publish","hentry"],"_links":{"self":[{"href":"https:\/\/mutastore.com\/lv\/wp-json\/wp\/v2\/pages\/322","targetHints":{"allow":["GET"]}}],"collection":[{"href":"https:\/\/mutastore.com\/lv\/wp-json\/wp\/v2\/pages"}],"about":[{"href":"https:\/\/mutastore.com\/lv\/wp-json\/wp\/v2\/types\/page"}],"author":[{"embeddable":true,"href":"https:\/\/mutastore.com\/lv\/wp-json\/wp\/v2\/users\/1"}],"replies":[{"embeddable":true,"href":"https:\/\/mutastore.com\/lv\/wp-json\/wp\/v2\/comments?post=322"}],"version-history":[{"count":27,"href":"https:\/\/mutastore.com\/lv\/wp-json\/wp\/v2\/pages\/322\/revisions"}],"predecessor-version":[{"id":21386,"href":"https:\/\/mutastore.com\/lv\/wp-json\/wp\/v2\/pages\/322\/revisions\/21386"}],"wp:attachment":[{"href":"https:\/\/mutastore.com\/lv\/wp-json\/wp\/v2\/media?parent=322"}],"curies":[{"name":"wp","href":"https:\/\/api.w.org\/{rel}","templated":true}]}}