{"id":337,"date":"2022-04-02T23:03:35","date_gmt":"2022-04-02T23:03:35","guid":{"rendered":"https:\/\/mutastore.com\/shipping-returns\/"},"modified":"2023-12-28T15:42:32","modified_gmt":"2023-12-28T13:42:32","slug":"shipping-returns","status":"publish","type":"page","link":"https:\/\/mutastore.com\/lv\/shipping-returns\/","title":{"rendered":"S\u016bt\u012b\u0161ana un atgrie\u0161ana"},"content":{"rendered":"<div data-elementor-type=\"wp-page\" data-elementor-id=\"337\" class=\"elementor elementor-337\" data-elementor-post-type=\"page\">\n\t\t\t\t\t\t<section class=\"elementor-section elementor-top-section elementor-element elementor-element-8596149 elementor-section-full_width elementor-section-height-default elementor-section-height-default elementor-invisible\" data-id=\"8596149\" data-element_type=\"section\" data-e-type=\"section\" data-settings=\"{&quot;animation&quot;:&quot;fadeIn&quot;}\">\n\t\t\t\t\t\t<div class=\"elementor-container elementor-column-gap-default\">\n\t\t\t\t\t<div class=\"elementor-column elementor-col-50 elementor-top-column elementor-element elementor-element-3bb9a2ab\" data-id=\"3bb9a2ab\" data-element_type=\"column\" data-e-type=\"column\" data-settings=\"{&quot;background_background&quot;:&quot;classic&quot;}\">\n\t\t\t<div class=\"elementor-widget-wrap elementor-element-populated\">\n\t\t\t\t\t\t<section class=\"elementor-section elementor-inner-section elementor-element elementor-element-6345c7e3 elementor-section-height-min-height return-sec elementor-section-boxed elementor-section-height-default\" data-id=\"6345c7e3\" data-element_type=\"section\" data-e-type=\"section\">\n\t\t\t\t\t\t<div class=\"elementor-container elementor-column-gap-default\">\n\t\t\t\t\t<div class=\"elementor-column elementor-col-100 elementor-inner-column elementor-element elementor-element-3114afd3\" data-id=\"3114afd3\" data-element_type=\"column\" data-e-type=\"column\">\n\t\t\t<div class=\"elementor-widget-wrap elementor-element-populated\">\n\t\t\t\t\t\t<div class=\"elementor-element elementor-element-2a31e12 elementor-widget elementor-widget-heading\" data-id=\"2a31e12\" data-element_type=\"widget\" data-e-type=\"widget\" data-widget_type=\"heading.default\">\n\t\t\t\t<div class=\"elementor-widget-container\">\n\t\t\t\t\t<h1 class=\"elementor-heading-title elementor-size-default translation-block\">S\u016bt\u012b\u0161ana<br>&amp;<br>atgrie\u0161ana<\/h1>\t\t\t\t<\/div>\n\t\t\t\t<\/div>\n\t\t\t\t\t<\/div>\n\t\t<\/div>\n\t\t\t\t\t<\/div>\n\t\t<\/section>\n\t\t\t\t<section class=\"elementor-section elementor-inner-section elementor-element elementor-element-7da8c23e elementor-section-height-min-height return-sec elementor-section-boxed elementor-section-height-default\" data-id=\"7da8c23e\" data-element_type=\"section\" data-e-type=\"section\">\n\t\t\t\t\t\t<div class=\"elementor-container elementor-column-gap-default\">\n\t\t\t\t\t<div class=\"elementor-column elementor-col-100 elementor-inner-column elementor-element elementor-element-45865a1f\" data-id=\"45865a1f\" data-element_type=\"column\" data-e-type=\"column\">\n\t\t\t<div class=\"elementor-widget-wrap elementor-element-populated\">\n\t\t\t\t\t\t<div class=\"elementor-element elementor-element-2f968748 elementor-hidden-mobile elementor-widget elementor-widget-heading\" data-id=\"2f968748\" data-element_type=\"widget\" data-e-type=\"widget\" data-widget_type=\"heading.default\">\n\t\t\t\t<div class=\"elementor-widget-container\">\n\t\t\t\t\t<h1 class=\"elementor-heading-title elementor-size-default translation-block\">S\u016bt\u012b\u0161anas <br>politika<\/h1>\t\t\t\t<\/div>\n\t\t\t\t<\/div>\n\t\t\t\t\t<\/div>\n\t\t<\/div>\n\t\t\t\t\t<\/div>\n\t\t<\/section>\n\t\t\t\t<section class=\"elementor-section elementor-inner-section elementor-element elementor-element-549ad056 return-sec elementor-section-boxed elementor-section-height-default elementor-section-height-default\" data-id=\"549ad056\" data-element_type=\"section\" data-e-type=\"section\">\n\t\t\t\t\t\t<div class=\"elementor-container elementor-column-gap-default\">\n\t\t\t\t\t<div class=\"elementor-column elementor-col-100 elementor-inner-column elementor-element elementor-element-6c78a676\" data-id=\"6c78a676\" data-element_type=\"column\" data-e-type=\"column\">\n\t\t\t<div class=\"elementor-widget-wrap elementor-element-populated\">\n\t\t\t\t\t\t<div class=\"elementor-element elementor-element-128f6b8c elementor-hidden-mobile elementor-widget elementor-widget-heading\" data-id=\"128f6b8c\" data-element_type=\"widget\" data-e-type=\"widget\" data-widget_type=\"heading.default\">\n\t\t\t\t<div class=\"elementor-widget-container\">\n\t\t\t\t\t<h1 class=\"elementor-heading-title elementor-size-default translation-block\">Atpaka\u013cs\u016bt\u012b\u0161anas &amp; atgrie\u0161anas<br>politika<\/h1>\t\t\t\t<\/div>\n\t\t\t\t<\/div>\n\t\t\t\t\t<\/div>\n\t\t<\/div>\n\t\t\t\t\t<\/div>\n\t\t<\/section>\n\t\t\t\t\t<\/div>\n\t\t<\/div>\n\t\t\t\t<div class=\"elementor-column elementor-col-50 elementor-top-column elementor-element elementor-element-646dfaa8\" data-id=\"646dfaa8\" data-element_type=\"column\" data-e-type=\"column\">\n\t\t\t<div class=\"elementor-widget-wrap elementor-element-populated\">\n\t\t\t\t\t\t<section class=\"elementor-section elementor-inner-section elementor-element elementor-element-64749d9a elementor-section-height-min-height elementor-section-boxed elementor-section-height-default\" data-id=\"64749d9a\" data-element_type=\"section\" data-e-type=\"section\" data-settings=\"{&quot;background_background&quot;:&quot;classic&quot;}\">\n\t\t\t\t\t\t<div class=\"elementor-container elementor-column-gap-default\">\n\t\t\t\t\t<div class=\"elementor-column elementor-col-100 elementor-inner-column elementor-element elementor-element-343cfec4\" data-id=\"343cfec4\" data-element_type=\"column\" data-e-type=\"column\">\n\t\t\t<div class=\"elementor-widget-wrap elementor-element-populated\">\n\t\t\t\t\t\t<div class=\"elementor-element elementor-element-703a32fa elementor-widget__width-initial elementor-widget elementor-widget-heading\" data-id=\"703a32fa\" data-element_type=\"widget\" data-e-type=\"widget\" data-widget_type=\"heading.default\">\n\t\t\t\t<div class=\"elementor-widget-container\">\n\t\t\t\t\t<p class=\"elementor-heading-title elementor-size-default translation-block\">Saist\u012bb\u0101 ar visiem jaut\u0101jumiem, ieteikumiem <br>vai ba\u017e\u0101m sazinieties ar mums:<br> <a href=\"mailto:muta@mutastore.com\" target=\"_self\">muta@mutastore.com<\/a><\/p>\t\t\t\t<\/div>\n\t\t\t\t<\/div>\n\t\t\t\t\t<\/div>\n\t\t<\/div>\n\t\t\t\t\t<\/div>\n\t\t<\/section>\n\t\t\t\t<section class=\"elementor-section elementor-inner-section elementor-element elementor-element-7d1b7812 height-100 elementor-section-height-min-height elementor-section-boxed elementor-section-height-default\" data-id=\"7d1b7812\" data-element_type=\"section\" data-e-type=\"section\" data-settings=\"{&quot;background_background&quot;:&quot;classic&quot;}\">\n\t\t\t\t\t\t<div class=\"elementor-container elementor-column-gap-default\">\n\t\t\t\t\t<div class=\"elementor-column elementor-col-100 elementor-inner-column elementor-element elementor-element-3dca04b height-100\" data-id=\"3dca04b\" data-element_type=\"column\" data-e-type=\"column\">\n\t\t\t<div class=\"elementor-widget-wrap elementor-element-populated\">\n\t\t\t\t\t\t<div class=\"elementor-element elementor-element-677b5ec elementor-hidden-desktop elementor-hidden-tablet elementor-widget elementor-widget-heading\" data-id=\"677b5ec\" data-element_type=\"widget\" data-e-type=\"widget\" data-widget_type=\"heading.default\">\n\t\t\t\t<div class=\"elementor-widget-container\">\n\t\t\t\t\t<h1 class=\"elementor-heading-title elementor-size-default translation-block\">S\u016bt\u012b\u0161anas <br>politika<\/h1>\t\t\t\t<\/div>\n\t\t\t\t<\/div>\n\t\t\t\t<div class=\"elementor-element elementor-element-a0ef7c3 elementor-widget__width-initial elementor-widget-mobile__width-inherit elementor-widget elementor-widget-heading\" data-id=\"a0ef7c3\" data-element_type=\"widget\" data-e-type=\"widget\" data-widget_type=\"heading.default\">\n\t\t\t\t<div class=\"elementor-widget-container\">\n\t\t\t\t\t<p class=\"elementor-heading-title elementor-size-default\"><span style=\"font-weight:600\">Baltic States<\/span><br>2-3 working days <br>\n<span style=\"font-weight:600\">Europe countries<\/span><br>3-5 working days<br>\n<span style=\"font-weight:600\">Other countries (worldwide)<\/span><br> 5-7 working days <br><br>\n\nNote that it may take longer in peak seasons, such as Christmas.<\/p>\t\t\t\t<\/div>\n\t\t\t\t<\/div>\n\t\t\t\t<div class=\"elementor-element elementor-element-d22f189 elementor-widget__width-initial elementor-widget-mobile__width-inherit elementor-widget elementor-widget-heading\" data-id=\"d22f189\" data-element_type=\"widget\" data-e-type=\"widget\" data-widget_type=\"heading.default\">\n\t\t\t\t<div class=\"elementor-widget-container\">\n\t\t\t\t\t<p class=\"elementor-heading-title elementor-size-default\">L\u016bdzu, \u0146emiet v\u0113r\u0101, ka saska\u0146\u0101 ar j\u016bsu valsts noteikumiem un regul\u0101m no jums var tikt iekas\u0113tas noteiktas muitas nodevas,kas nav m\u016bsu kontrol\u0113.<\/p>\t\t\t\t<\/div>\n\t\t\t\t<\/div>\n\t\t\t\t<div class=\"elementor-element elementor-element-42eec881 elementor-widget__width-initial elementor-widget-mobile__width-inherit elementor-widget elementor-widget-heading\" data-id=\"42eec881\" data-element_type=\"widget\" data-e-type=\"widget\" data-widget_type=\"heading.default\">\n\t\t\t\t<div class=\"elementor-widget-container\">\n\t\t\t\t\t<p class=\"elementor-heading-title elementor-size-default\">M\u0113s neesam atbild\u012bgi par jebk\u0101diem s\u016bt\u012bjumiem, kas pazaud\u0113ti p\u0101rvad\u0101\u0161anas laik\u0101 vai kuru aizkav\u0113\u0161anos ir izrais\u012bjis pasta pakalpojumu sniedz\u0113js<\/p>\t\t\t\t<\/div>\n\t\t\t\t<\/div>\n\t\t\t\t\t<\/div>\n\t\t<\/div>\n\t\t\t\t\t<\/div>\n\t\t<\/section>\n\t\t\t\t<section class=\"elementor-section elementor-inner-section elementor-element elementor-element-1f093036 height-100 elementor-section-boxed elementor-section-height-default elementor-section-height-default\" data-id=\"1f093036\" data-element_type=\"section\" data-e-type=\"section\" data-settings=\"{&quot;background_background&quot;:&quot;classic&quot;}\">\n\t\t\t\t\t\t<div class=\"elementor-container elementor-column-gap-default\">\n\t\t\t\t\t<div class=\"elementor-column elementor-col-100 elementor-inner-column elementor-element elementor-element-49c6df00 height-100\" data-id=\"49c6df00\" data-element_type=\"column\" data-e-type=\"column\">\n\t\t\t<div class=\"elementor-widget-wrap elementor-element-populated\">\n\t\t\t\t\t\t<div class=\"elementor-element elementor-element-ccf500f elementor-hidden-desktop elementor-hidden-tablet elementor-widget elementor-widget-heading\" data-id=\"ccf500f\" data-element_type=\"widget\" data-e-type=\"widget\" data-widget_type=\"heading.default\">\n\t\t\t\t<div class=\"elementor-widget-container\">\n\t\t\t\t\t<h1 class=\"elementor-heading-title elementor-size-default translation-block\">Atpaka\u013cs\u016bt\u012b\u0161anas &amp; atgrie\u0161anas<br>politika<\/h1>\t\t\t\t<\/div>\n\t\t\t\t<\/div>\n\t\t\t\t<div class=\"elementor-element elementor-element-6ec467e8 elementor-widget__width-initial elementor-widget-mobile__width-inherit elementor-widget elementor-widget-heading\" data-id=\"6ec467e8\" data-element_type=\"widget\" data-e-type=\"widget\" data-widget_type=\"heading.default\">\n\t\t\t\t<div class=\"elementor-widget-container\">\n\t\t\t\t\t<p class=\"elementor-heading-title elementor-size-default\">Ja j\u016bsu prece ir boj\u0101ta vai neatbilst aprakst\u012btajam, sazinieties ar mums, un m\u0113s ar prieku nodro\u0161in\u0101sim t\u0101s nomai\u0146u vai pilnu naudas atmaksu. Visi atmaks\u0101jamie naudas l\u012bdzek\u013ci tiks atmaks\u0101ti p\u0113c tam, kad prece b\u016bs sa\u0146emta atpaka\u013c pie mums. Ja prece tiek atgriezta, jo neder, m\u0113s to pie\u0146emsim, ja mums par to pazi\u0146os 7 dienu laik\u0101 p\u0113c preces sa\u0146em\u0161anas.<\/p>\t\t\t\t<\/div>\n\t\t\t\t<\/div>\n\t\t\t\t<div class=\"elementor-element elementor-element-5c47c3a0 elementor-widget__width-initial elementor-widget-mobile__width-inherit elementor-widget elementor-widget-heading\" data-id=\"5c47c3a0\" data-element_type=\"widget\" data-e-type=\"widget\" data-widget_type=\"heading.default\">\n\t\t\t\t<div class=\"elementor-widget-container\">\n\t\t\t\t\t<p class=\"elementor-heading-title elementor-size-default\">M\u0113s nepie\u0146emam apak\u0161ve\u013cas atgrie\u0161anu divu iemeslu d\u0113\u013c. Pirmk\u0101rt, higi\u0113nas apsv\u0113rumu d\u0113\u013c un, otrk\u0101rt, lai nov\u0113rstu to, ka \u0161is produkts non\u0101k izg\u0101ztuv\u0113. Katru reizi, kad mums tiek atgriezta apak\u0161ve\u013ca, m\u0113s nevaram to izmantot atk\u0101rtoti, t\u0101p\u0113c tas non\u0101k izg\u0101ztuv\u0113. M\u0113s esam ap\u0146\u0113mu\u0161ies samazin\u0101t \u0161\u0101du atkritumu daudzumu, kas ir da\u013ca no m\u016bsu ilgtermi\u0146a ilgtsp\u0113j\u012bbas misijas.<\/p>\t\t\t\t<\/div>\n\t\t\t\t<\/div>\n\t\t\t\t<div class=\"elementor-element elementor-element-2a88eb9 elementor-widget__width-initial elementor-widget-mobile__width-inherit elementor-widget elementor-widget-heading\" data-id=\"2a88eb9\" data-element_type=\"widget\" data-e-type=\"widget\" data-widget_type=\"heading.default\">\n\t\t\t\t<div class=\"elementor-widget-container\">\n\t\t\t\t\t<p class=\"elementor-heading-title elementor-size-default\">Prece j\u0101nos\u016bta 14 dienu laik\u0101 p\u0113c preces s\u0101kotn\u0113j\u0101s sa\u0146em\u0161anas. P\u0101rliecinieties, ka prece joproj\u0101m ir ide\u0101l\u0101 st\u0101vokl\u012b un eti\u0137etes joproj\u0101m ir. M\u0113s paturam ties\u012bbas atteikt jebk\u0101du atgrie\u0161anu, kas neatbilst \u0161iem krit\u0113rijiem. M\u0113s nepie\u0146emsim ar\u012b ap\u0123\u0113rbus, kuriem ir redzamas redzamas valk\u0101\u0161anas paz\u012bmes pirms atgrie\u0161anas.\u00a0Atgrie\u0161anas vai apmai\u0146as izmaksas sedz klients.<\/p>\t\t\t\t<\/div>\n\t\t\t\t<\/div>\n\t\t\t\t\t<\/div>\n\t\t<\/div>\n\t\t\t\t\t<\/div>\n\t\t<\/section>\n\t\t\t\t\t<\/div>\n\t\t<\/div>\n\t\t\t\t\t<\/div>\n\t\t<\/section>\n\t\t\t\t<\/div>","protected":false},"excerpt":{"rendered":"<p>Shipping&#038;return Shippingpolicy Return &#038; ExchangePolicy For all inquiries, questions or concerns, reach us at muta@mutastore.com Shippingpolicy Baltic States2-3 working days Europe countries3-5 working days Other countries (worldwide) 5-7 working days Note that it may take longer in peak seasons, such as Christmas. Please note that you may be charged certain customs fees according to your [&hellip;]<\/p>\n","protected":false},"author":1,"featured_media":0,"parent":0,"menu_order":0,"comment_status":"closed","ping_status":"closed","template":"","meta":{"footnotes":""},"class_list":["post-337","page","type-page","status-publish","hentry"],"_links":{"self":[{"href":"https:\/\/mutastore.com\/lv\/wp-json\/wp\/v2\/pages\/337","targetHints":{"allow":["GET"]}}],"collection":[{"href":"https:\/\/mutastore.com\/lv\/wp-json\/wp\/v2\/pages"}],"about":[{"href":"https:\/\/mutastore.com\/lv\/wp-json\/wp\/v2\/types\/page"}],"author":[{"embeddable":true,"href":"https:\/\/mutastore.com\/lv\/wp-json\/wp\/v2\/users\/1"}],"replies":[{"embeddable":true,"href":"https:\/\/mutastore.com\/lv\/wp-json\/wp\/v2\/comments?post=337"}],"version-history":[{"count":27,"href":"https:\/\/mutastore.com\/lv\/wp-json\/wp\/v2\/pages\/337\/revisions"}],"predecessor-version":[{"id":21389,"href":"https:\/\/mutastore.com\/lv\/wp-json\/wp\/v2\/pages\/337\/revisions\/21389"}],"wp:attachment":[{"href":"https:\/\/mutastore.com\/lv\/wp-json\/wp\/v2\/media?parent=337"}],"curies":[{"name":"wp","href":"https:\/\/api.w.org\/{rel}","templated":true}]}}