{"id":12385,"date":"2022-11-15T18:53:00","date_gmt":"2022-11-15T16:53:00","guid":{"rendered":"https:\/\/mutastore.com\/?post_type=product&#038;p=12385"},"modified":"2026-04-25T21:31:39","modified_gmt":"2026-04-25T18:31:39","slug":"high-waisted-leggings-light-grey-melange","status":"publish","type":"product","link":"https:\/\/mutastore.com\/lv\/product\/high-waisted-leggings-light-grey-melange\/","title":{"rendered":"Legingi ar paaugstin\u0101tu jostas da\u013cu \/ GAI\u0160I PEL\u0112KI"},"content":{"rendered":"<p>Legingi piek\u013caujas tavam augumam k\u0101 otr\u0101 \u0101da, lai ko ar\u012b tu dar\u012btu. Legingi akcent\u0113s tavu fig\u016bru un rad\u012bs izcili \u0113rtu saj\u016btu. Tie ir univers\u0101ls ap\u0123\u0113rbs jebkurai aktivit\u0101tei. Legingi ir izcili piem\u0113roti gan nodarb\u0113m iek\u0161telp\u0101s, gan dab\u0101. Tie ar\u012b lieliski kalpos k\u0101 termove\u013ca.<\/p>\n<p>Visi ap\u0123\u0113rbi savstarp\u0113ji kombin\u0113jami.<br \/>\nModeles izm\u0113rs ir S.<br \/>\n\u0160UJAM P\u0112C PAS\u016aT\u012aJUMA. Izgatavo\u0161anas ilgums 10 l\u012bdz 12 darba dienas.<\/p>\n<p>Izstr\u0101d\u0101ts un izgatavots R\u012bg\u0101, Latvij\u0101.<\/p>","protected":false},"excerpt":{"rendered":"<ul>\n<li>\u0160UJAM P\u0112C PAS\u016aT\u012aJUMA<\/li>\n<li>92% viskoze, 8% elast\u0101ns<\/li>\n<li>Dubulta jostas deta\u013ca, lai atbalst\u012btu v\u0113dera da\u013cu un nodro\u0161in\u0101tu maksim\u0101lu komfortu<\/li>\n<li>Paaugstin\u0101ta jostasvieta<\/li>\n<li>Dubulti v\u012b\u013cu stiprin\u0101jumi, lai legingi nodro\u0161in\u0101tu maksim\u0101lu kust\u012bbas amplit\u016bdu<\/li>\n<li>Viegli kombin\u0113jams ar citu j\u016bsu garderobes ap\u0123\u0113rbu<\/li>\n<li>Pieejamie izm\u0113ri: XS\u2013XL<\/li>\n<li>Ieteicams mazg\u0101t ve\u013cas ma\u0161\u012bn\u0101 30 gr\u0101du temprat\u016br\u0101<\/li>\n<\/ul>","protected":false},"featured_media":12392,"comment_status":"open","ping_status":"closed","template":"","meta":[],"product_brand":[],"product_cat":[111,51,61,62],"product_tag":[],"class_list":{"0":"post-12385","1":"product","2":"type-product","3":"status-publish","4":"has-post-thumbnail","6":"product_cat-bottoms","7":"product_cat-loungewear","8":"product_cat-stay-cozy","9":"product_cat-whats-new","10":"pa_size-l","11":"pa_size-m","12":"pa_size-s","13":"pa_size-xl","14":"pa_size-xs","16":"first","17":"instock","18":"sale","19":"featured","20":"taxable","21":"shipping-taxable","22":"purchasable","23":"product-type-variable"},"_links":{"self":[{"href":"https:\/\/mutastore.com\/lv\/wp-json\/wp\/v2\/product\/12385","targetHints":{"allow":["GET"]}}],"collection":[{"href":"https:\/\/mutastore.com\/lv\/wp-json\/wp\/v2\/product"}],"about":[{"href":"https:\/\/mutastore.com\/lv\/wp-json\/wp\/v2\/types\/product"}],"replies":[{"embeddable":true,"href":"https:\/\/mutastore.com\/lv\/wp-json\/wp\/v2\/comments?post=12385"}],"wp:featuredmedia":[{"embeddable":true,"href":"https:\/\/mutastore.com\/lv\/wp-json\/wp\/v2\/media\/12392"}],"wp:attachment":[{"href":"https:\/\/mutastore.com\/lv\/wp-json\/wp\/v2\/media?parent=12385"}],"wp:term":[{"taxonomy":"product_brand","embeddable":true,"href":"https:\/\/mutastore.com\/lv\/wp-json\/wp\/v2\/product_brand?post=12385"},{"taxonomy":"product_cat","embeddable":true,"href":"https:\/\/mutastore.com\/lv\/wp-json\/wp\/v2\/product_cat?post=12385"},{"taxonomy":"product_tag","embeddable":true,"href":"https:\/\/mutastore.com\/lv\/wp-json\/wp\/v2\/product_tag?post=12385"}],"curies":[{"name":"wp","href":"https:\/\/api.w.org\/{rel}","templated":true}]}}