{"id":12440,"date":"2022-11-15T20:11:24","date_gmt":"2022-11-15T18:11:24","guid":{"rendered":"https:\/\/mutastore.com\/?post_type=product&#038;p=12440"},"modified":"2026-04-25T19:10:02","modified_gmt":"2026-04-25T16:10:02","slug":"natural-material-hugging-long-sleeve-top-grey-melange","status":"publish","type":"product","link":"https:\/\/mutastore.com\/lv\/product\/natural-material-hugging-long-sleeve-top-grey-melange\/","title":{"rendered":"Dabiska materi\u0101la piegu\u013co\u0161s tops \/ PEL\u0112KS"},"content":{"rendered":"<p>Garais tops ieskauj un piek\u013caujas \u0137ermenim, aicinot apv\u012bt rokas ap sevi maig\u0101 apsk\u0101vien\u0101. Pieska\u0146o topam m\u016bsu augst\u0101s jostasvietas legingus vai vienk\u0101r\u0161i savus m\u012b\u013c\u0101kos d\u017einsus! Tops ir izcili piem\u0113rots jebkurai fig\u016brai. \nTops ir rad\u012bts, lai at\u013cautu neierobe\u017eotu kust\u012bbas amplit\u016bdu un maksim\u0101lu siltuma, br\u012bv\u012bbas un komforta saj\u016btu. Tops  ir izcili piem\u0113rots gan nodarb\u0113m iek\u0161telp\u0101s, gan dab\u0101. Tas ar\u012b lieliski kalpos k\u0101 termove\u013ca. Papildini topu ar virsk\u0101rtu un j\u016bties \u0113rti un silti, lai kur ar\u012b dotos.<\/p>\n<p>Visi ap\u0123\u0113rbi savstarp\u0113ji kombin\u0113jami.<br \/>\nModeles izm\u0113rs ir S.<br \/>\n\u0160UJAM P\u0112C PAS\u016aT\u012aJUMA. Izgatavo\u0161anas ilgums 10 l\u012bdz 12 darba dienas.<\/p>\n<p>Izstr\u0101d\u0101ts un izgatavots R\u012bg\u0101, Latvij\u0101.<\/p>","protected":false},"excerpt":{"rendered":"<ul>\n<li>\u0160UJAM P\u0112C PAS\u016aT\u012aJUMA<\/li>\n<li>92% viskoze, 8% elast\u0101ns<\/li>\n<li>Apa\u013c\u0161 kakla izgriezums<\/li>\n<li>Piegu\u013co\u0161s piegriezums<\/li>\n<li>Lieliski piel\u0101gojas \u0137erme\u0146a formai<\/li>\n<li>Pagarin\u0101tas piedurknes papildus komfortam<\/li>\n<li>Pagarin\u0101ta aizmugures apak\u0161mala maksim\u0101lam komfortam<\/li>\n<li>Viegli kombin\u0113jams ar citu j\u016bsu garderobes ap\u0123\u0113rbu<\/li>\n<li>Pieejamie izm\u0113ri: XS\u2013XL<\/li>\n<li>Ieteicams mazg\u0101t ve\u013cas ma\u0161\u012bn\u0101 30 gr\u0101du temprat\u016br\u0101<\/li>\n<\/ul>","protected":false},"featured_media":12446,"comment_status":"open","ping_status":"closed","template":"","meta":[],"product_brand":[],"product_cat":[110,51,61,62],"product_tag":[],"class_list":{"0":"post-12440","1":"product","2":"type-product","3":"status-publish","4":"has-post-thumbnail","6":"product_cat-long-sleeve-tops-2","7":"product_cat-loungewear","8":"product_cat-stay-cozy","9":"product_cat-whats-new","10":"pa_size-l","11":"pa_size-m","12":"pa_size-s","13":"pa_size-xl","14":"pa_size-xs","16":"first","17":"instock","18":"featured","19":"taxable","20":"shipping-taxable","21":"purchasable","22":"product-type-variable"},"_links":{"self":[{"href":"https:\/\/mutastore.com\/lv\/wp-json\/wp\/v2\/product\/12440","targetHints":{"allow":["GET"]}}],"collection":[{"href":"https:\/\/mutastore.com\/lv\/wp-json\/wp\/v2\/product"}],"about":[{"href":"https:\/\/mutastore.com\/lv\/wp-json\/wp\/v2\/types\/product"}],"replies":[{"embeddable":true,"href":"https:\/\/mutastore.com\/lv\/wp-json\/wp\/v2\/comments?post=12440"}],"wp:featuredmedia":[{"embeddable":true,"href":"https:\/\/mutastore.com\/lv\/wp-json\/wp\/v2\/media\/12446"}],"wp:attachment":[{"href":"https:\/\/mutastore.com\/lv\/wp-json\/wp\/v2\/media?parent=12440"}],"wp:term":[{"taxonomy":"product_brand","embeddable":true,"href":"https:\/\/mutastore.com\/lv\/wp-json\/wp\/v2\/product_brand?post=12440"},{"taxonomy":"product_cat","embeddable":true,"href":"https:\/\/mutastore.com\/lv\/wp-json\/wp\/v2\/product_cat?post=12440"},{"taxonomy":"product_tag","embeddable":true,"href":"https:\/\/mutastore.com\/lv\/wp-json\/wp\/v2\/product_tag?post=12440"}],"curies":[{"name":"wp","href":"https:\/\/api.w.org\/{rel}","templated":true}]}}