{"id":14234,"date":"2023-05-06T22:45:42","date_gmt":"2023-05-06T19:45:42","guid":{"rendered":"https:\/\/mutastore.com\/?post_type=product&#038;p=14234"},"modified":"2026-04-25T19:09:20","modified_gmt":"2026-04-25T16:09:20","slug":"black-viscose-flowy-maternity-top","status":"publish","type":"product","link":"https:\/\/mutastore.com\/lv\/product\/black-viscose-flowy-maternity-top\/","title":{"rendered":"Melns viskozes br\u012bva piegriezuma tops"},"content":{"rendered":"<p><span style=\"font-weight: 400;\">Br\u012bva piegriezuma gr\u016btnie\u010du tops ir izgatavots no dabiska viskozes materi\u0101la un neaptver \u0137ermeni, liekot tev justies br\u012bvi un \u0113rti. Tops maigi aptver rokas, \u013caujot Tev justies br\u012bvai sav\u0101s kust\u012bb\u0101s. Br\u012bva piegriezuma tops ir lieliski piem\u0113rots ar\u012b mazu\u013ca baro\u0161anas period\u0101. Pabeidziet izskatu, izv\u0113loties MUTA gr\u016btnie\u010du legingus, radot harmonijas un patiesas pie\u0146em\u0161anas saj\u016btu. <\/span><\/p>\n<p>Visi ap\u0123\u0113rbi savstarp\u0113ji kombin\u0113jami.<br \/>\nModeles garums ir 182 cm un izm\u0113rs S.<br \/>\n\u0160UJAM P\u0112C PAS\u016aT\u012aJUMA. Izgatavo\u0161anas ilgums 10 l\u012bdz 12 darba dienas.<\/p>\n<p>Izstr\u0101d\u0101ts un izgatavots R\u012bg\u0101, Latvij\u0101.<\/p>","protected":false},"excerpt":{"rendered":"<ul>\n<li>\u0160UJAM P\u0112C PAS\u016aT\u012aJUMA<\/li>\n<li><span style=\"font-weight: 400;\">Pieejami izm\u0113ros: XS-XL<\/span><\/li>\n<li><span style=\"font-weight: 400;\">Plata piegriezuma tops, kas br\u012bvi kr\u012bt uz \u0137erme\u0146a<\/span><\/li>\n<li><span style=\"font-weight: 400;\">Izgatavoti no dabiska viskozes materi\u0101la<\/span><\/li>\n<li><span style=\"font-weight: 400;\">92% viskoze, 8% elast\u0101ns<\/span><\/li>\n<li><span style=\"font-weight: 400;\">Tam ir sa\u0161aurin\u0101tas piedurknes, lai piek\u013cautos rok\u0101m<\/span><\/li>\n<li><span style=\"font-weight: 400;\">Apa\u013c\u0161 kakla izgriezums<\/span><\/li>\n<li><span style=\"font-weight: 400;\">Pagarin\u0101ta topa apak\u0161mala gan priek\u0161pus\u0113, gan mugurpus\u0113<\/span><\/li>\n<li><span style=\"font-weight: 400;\">Rad\u012bts \u0113tiski, no m\u016bsu sirds \u2013 tav\u0113jai<\/span><\/li>\n<\/ul>","protected":false},"featured_media":14243,"comment_status":"open","ping_status":"closed","template":"","meta":[],"product_brand":[],"product_cat":[62,110,132],"product_tag":[],"class_list":{"0":"post-14234","1":"product","2":"type-product","3":"status-publish","4":"has-post-thumbnail","6":"product_cat-whats-new","7":"product_cat-long-sleeve-tops-2","8":"product_cat-maternity","9":"pa_size-l","10":"pa_size-m","11":"pa_size-s","12":"pa_size-xl","13":"pa_size-xs","15":"first","16":"instock","17":"featured","18":"taxable","19":"shipping-taxable","20":"purchasable","21":"product-type-variable"},"_links":{"self":[{"href":"https:\/\/mutastore.com\/lv\/wp-json\/wp\/v2\/product\/14234","targetHints":{"allow":["GET"]}}],"collection":[{"href":"https:\/\/mutastore.com\/lv\/wp-json\/wp\/v2\/product"}],"about":[{"href":"https:\/\/mutastore.com\/lv\/wp-json\/wp\/v2\/types\/product"}],"replies":[{"embeddable":true,"href":"https:\/\/mutastore.com\/lv\/wp-json\/wp\/v2\/comments?post=14234"}],"wp:featuredmedia":[{"embeddable":true,"href":"https:\/\/mutastore.com\/lv\/wp-json\/wp\/v2\/media\/14243"}],"wp:attachment":[{"href":"https:\/\/mutastore.com\/lv\/wp-json\/wp\/v2\/media?parent=14234"}],"wp:term":[{"taxonomy":"product_brand","embeddable":true,"href":"https:\/\/mutastore.com\/lv\/wp-json\/wp\/v2\/product_brand?post=14234"},{"taxonomy":"product_cat","embeddable":true,"href":"https:\/\/mutastore.com\/lv\/wp-json\/wp\/v2\/product_cat?post=14234"},{"taxonomy":"product_tag","embeddable":true,"href":"https:\/\/mutastore.com\/lv\/wp-json\/wp\/v2\/product_tag?post=14234"}],"curies":[{"name":"wp","href":"https:\/\/api.w.org\/{rel}","templated":true}]}}