{"id":22800,"date":"2025-04-10T15:57:39","date_gmt":"2025-04-10T12:57:39","guid":{"rendered":"https:\/\/mutastore.com\/?post_type=product&#038;p=22800"},"modified":"2026-04-25T19:19:33","modified_gmt":"2026-04-25T16:19:33","slug":"high-waisted-flowy-shorts-mokka","status":"publish","type":"product","link":"https:\/\/mutastore.com\/lv\/product\/high-waisted-flowy-shorts-mokka\/","title":{"rendered":"Plati \u0161orti ar paaugstin\u0101tu jostas da\u013cu \/ MOKKA"},"content":{"rendered":"<p>MUTA \u0161orti ir rad\u012bti, lai tie b\u016btu univers\u0101li un \u0113rti, lai ko tu dar\u012btu.<br \/>\n\u0160orti, kas izgatavoti no \u012bpa\u0161i m\u012bksta auduma, ir veidoti, lai tos viegli b\u016btu kombin\u0113t ar MUTA topiem vai ar citiem j\u016bsu dr\u0113bju skapja ap\u0123\u0113rba gabaliem. \u0160orti ir lieliska izv\u0113le silt\u0101m vasaras dien\u0101m.<br \/>\nMateri\u0101ls: augst\u0101k\u0101s kvalit\u0101tes viskozes audums, kas piek\u013caujas \u0137ermenim, neierobe\u017eojot kust\u012bbu br\u012bv\u012bbu.<\/p>\n<p>Visi ap\u0123\u0113rbi piem\u0113roti visda\u017e\u0101d\u0101kaj\u0101m dz\u012bves situ\u0101cij\u0101m. Ap\u0123\u0113rba dizains izcels tavu sievi\u0161\u0137\u012bbu un nodro\u0161in\u0101s maksim\u0101lu komfortu.<\/p>\n<p>Modeles augums ir 170 cm, izm\u0113rs EU S.<br \/>\nIzstr\u0101d\u0101ts un izgatavots R\u012bg\u0101, Latvij\u0101.<br \/>\n\u0160UJAM P\u0112C PAS\u016aT\u012aJUMA. Izgatavo\u0161anas ilgums 10 l\u012bdz 12 darba dienas.<\/p>\n<p>Kop\u0161anas nor\u0101des: mazg\u0101t ve\u013casma\u0161\u012bn\u0101, k\u0101 nor\u0101d\u012bts uz birkas.<\/p>","protected":false},"excerpt":{"rendered":"<ul>\n<li>\u0160UJAM P\u0112C PAS\u016aT\u012aJUMA<\/li>\n<li>92% viskoze, 8% elast\u0101ns<\/li>\n<li>Izgatavots no Okeo-Tex sertific\u0113ta auduma<\/li>\n<li>A-piegriezuma forma<\/li>\n<li>Elast\u012bgs viduklis<\/li>\n<li>Ilgtsp\u0113j\u012bgi ra\u017eots neliel\u0101s partij\u0101s<\/li>\n<li>Pieejamie izm\u0113ri: XS\u2013XL<\/li>\n<\/ul>","protected":false},"featured_media":22806,"comment_status":"open","ping_status":"closed","template":"","meta":[],"product_brand":[],"product_cat":[111,51,86,62],"product_tag":[],"class_list":{"0":"post-22800","1":"product","2":"type-product","3":"status-publish","4":"has-post-thumbnail","6":"product_cat-bottoms","7":"product_cat-loungewear","8":"product_cat-shorts","9":"product_cat-whats-new","10":"pa_size-l","11":"pa_size-m","12":"pa_size-s","13":"pa_size-xl","14":"pa_size-xs","16":"first","17":"instock","18":"featured","19":"taxable","20":"shipping-taxable","21":"purchasable","22":"product-type-variable"},"_links":{"self":[{"href":"https:\/\/mutastore.com\/lv\/wp-json\/wp\/v2\/product\/22800","targetHints":{"allow":["GET"]}}],"collection":[{"href":"https:\/\/mutastore.com\/lv\/wp-json\/wp\/v2\/product"}],"about":[{"href":"https:\/\/mutastore.com\/lv\/wp-json\/wp\/v2\/types\/product"}],"replies":[{"embeddable":true,"href":"https:\/\/mutastore.com\/lv\/wp-json\/wp\/v2\/comments?post=22800"}],"wp:featuredmedia":[{"embeddable":true,"href":"https:\/\/mutastore.com\/lv\/wp-json\/wp\/v2\/media\/22806"}],"wp:attachment":[{"href":"https:\/\/mutastore.com\/lv\/wp-json\/wp\/v2\/media?parent=22800"}],"wp:term":[{"taxonomy":"product_brand","embeddable":true,"href":"https:\/\/mutastore.com\/lv\/wp-json\/wp\/v2\/product_brand?post=22800"},{"taxonomy":"product_cat","embeddable":true,"href":"https:\/\/mutastore.com\/lv\/wp-json\/wp\/v2\/product_cat?post=22800"},{"taxonomy":"product_tag","embeddable":true,"href":"https:\/\/mutastore.com\/lv\/wp-json\/wp\/v2\/product_tag?post=22800"}],"curies":[{"name":"wp","href":"https:\/\/api.w.org\/{rel}","templated":true}]}}