{"id":23052,"date":"2025-04-14T19:08:45","date_gmt":"2025-04-14T16:08:45","guid":{"rendered":"https:\/\/mutastore.com\/?post_type=product&#038;p=23052"},"modified":"2026-04-25T18:08:59","modified_gmt":"2026-04-25T15:08:59","slug":"bamboo-oversized-crop-top-off-white","status":"publish","type":"product","link":"https:\/\/mutastore.com\/lv\/product\/bamboo-oversized-crop-top-off-white\/","title":{"rendered":"Sa\u012bsin\u0101ts br\u012bva piegriezuma bambusa tops \/ KR\u0112M\u012aGI BALTS"},"content":{"rendered":"<p>MUTA sa\u012bsin\u0101tais bambusa tops ir rad\u012bts, lai tas b\u016btu univers\u0101ls un \u0113rts, lai ko tu dar\u012btu.<br \/>\nBambusa tops, kas izgatavots no \u012bpa\u0161i m\u012bksta auduma, ir veidots, lai to b\u016btu viegli kombin\u0113t ar MUTA biks\u0113m vai ar citiem j\u016bsu dr\u0113bju skapja ap\u0123\u0113rba gabaliem. Br\u012bva piegriezuma tops ir lieliska izv\u0113le vasaras un pavasara dien\u0101m.<br \/>\nMateri\u0101ls: augst\u0101k\u0101s kvalit\u0101tes bambusa audums, kuram piem\u012bt z\u012bdains maigums un gludums.<\/p>\n<p>Visi ap\u0123\u0113rbi piem\u0113roti visda\u017e\u0101d\u0101kaj\u0101m dz\u012bves situ\u0101cij\u0101m. Ap\u0123\u0113rba dizains izcels tavu sievi\u0161\u0137\u012bbu un nodro\u0161in\u0101s maksim\u0101lu komfortu.<\/p>\n<p>Modeles augums ir 160 cm, izm\u0113rs EU S.<br \/>\nIzstr\u0101d\u0101ts un izgatavots R\u012bg\u0101, Latvij\u0101.<br \/>\n\u0160UJAM P\u0112C PAS\u016aT\u012aJUMA. Izgatavo\u0161anas ilgums 10 l\u012bdz 12 darba dienas.<\/p>\n<p>Kop\u0161anas nor\u0101des: mazg\u0101t ve\u013casma\u0161\u012bn\u0101, k\u0101 nor\u0101d\u012bts uz birkas.<\/p>","protected":false},"excerpt":{"rendered":"<ul>\n<li>\u0160UJAM P\u0112C PAS\u016aT\u012aJUMA<\/li>\n<li>68% bambuss, 28% kokvilna, 4% elast\u0101ns<\/li>\n<li>Izgatavots no Okeo-Tex sertific\u0113ta auduma<\/li>\n<li>Pagarin\u0101tas piedurknes papildus komfortam<\/li>\n<li>Izgatavots no \u012bpa\u0161i m\u012bksta bambusa auduma<\/li>\n<li>Ilgtsp\u0113j\u012bgi ra\u017eots neliel\u0101s partij\u0101s<\/li>\n<li>Pieejamie izm\u0113ri: XS\u2013XL<\/li>\n<\/ul>","protected":false},"featured_media":23061,"comment_status":"open","ping_status":"closed","template":"","meta":[],"product_brand":[],"product_cat":[110,51,62],"product_tag":[],"class_list":{"0":"post-23052","1":"product","2":"type-product","3":"status-publish","4":"has-post-thumbnail","6":"product_cat-long-sleeve-tops-2","7":"product_cat-loungewear","8":"product_cat-whats-new","9":"pa_size-l","10":"pa_size-m","11":"pa_size-s","12":"pa_size-xl","13":"pa_size-xs","15":"first","16":"instock","17":"featured","18":"taxable","19":"shipping-taxable","20":"purchasable","21":"product-type-variable"},"_links":{"self":[{"href":"https:\/\/mutastore.com\/lv\/wp-json\/wp\/v2\/product\/23052","targetHints":{"allow":["GET"]}}],"collection":[{"href":"https:\/\/mutastore.com\/lv\/wp-json\/wp\/v2\/product"}],"about":[{"href":"https:\/\/mutastore.com\/lv\/wp-json\/wp\/v2\/types\/product"}],"replies":[{"embeddable":true,"href":"https:\/\/mutastore.com\/lv\/wp-json\/wp\/v2\/comments?post=23052"}],"wp:featuredmedia":[{"embeddable":true,"href":"https:\/\/mutastore.com\/lv\/wp-json\/wp\/v2\/media\/23061"}],"wp:attachment":[{"href":"https:\/\/mutastore.com\/lv\/wp-json\/wp\/v2\/media?parent=23052"}],"wp:term":[{"taxonomy":"product_brand","embeddable":true,"href":"https:\/\/mutastore.com\/lv\/wp-json\/wp\/v2\/product_brand?post=23052"},{"taxonomy":"product_cat","embeddable":true,"href":"https:\/\/mutastore.com\/lv\/wp-json\/wp\/v2\/product_cat?post=23052"},{"taxonomy":"product_tag","embeddable":true,"href":"https:\/\/mutastore.com\/lv\/wp-json\/wp\/v2\/product_tag?post=23052"}],"curies":[{"name":"wp","href":"https:\/\/api.w.org\/{rel}","templated":true}]}}