{"id":23255,"date":"2025-06-20T16:56:16","date_gmt":"2025-06-20T13:56:16","guid":{"rendered":"https:\/\/mutastore.com\/?post_type=product&#038;p=23255"},"modified":"2026-04-25T19:29:14","modified_gmt":"2026-04-25T16:29:14","slug":"high-waisted-flowy-pants-ocean-blue","status":"publish","type":"product","link":"https:\/\/mutastore.com\/lv\/product\/high-waisted-flowy-pants-ocean-blue\/","title":{"rendered":"KATI x MUTA \/ Platas bikses \/ OKE\u0100NA ZILAS"},"content":{"rendered":"<p><span class=\"OYPEnA font-feature-liga-off font-feature-clig-off font-feature-calt-off text-decoration-none text-strikethrough-none\">Kapsules kolekcija iedvesmota no skaistuma, sp\u0113ka un prieka, kas rodas, kad pie\u0146emam savu patieso b\u016bt\u012bbu.<\/span><\/p>\n<p class=\"cvGsUA direction-ltr align-center para-style-body\"><span class=\"OYPEnA font-feature-liga-off font-feature-clig-off font-feature-calt-off text-decoration-none text-strikethrough-none\">Kolekcija <\/span><span class=\"OYPEnA font-feature-liga-off font-feature-clig-off font-feature-calt-off text-decoration-none text-strikethrough-none\">rad\u012bta sadarb\u012bb\u0101 ar Katr\u012bnu \u2014 latvie\u0161u s\u0113rfot\u0101ju, kuras piedz\u012bvojumu gars un starojo\u0161\u0101 ener\u0123ija iedvesmo. <\/span><span class=\"OYPEnA font-feature-liga-off font-feature-clig-off font-feature-calt-off text-decoration-none text-strikethrough-none\">P\u0113c daudziem gadiem, kas pavad\u012bti vienatn\u0113 ce\u013cojot pa pasauli, Katr\u012bna ir dzi\u013ci nov\u0113rt\u0113jusi individu\u0101l\u0101 ce\u013ca noz\u012bmi k\u0101 sp\u0113c\u012bgu pamatu \u2014 ta\u010du v\u0113l vair\u0101k to burv\u012bbu, kas rodas, kad m\u0113s savienojamies, atbalst\u0101m viens otru un svinam kop\u0101. Atbalst\u012bsim viens otra sap\u0146us un svin\u0113sim savus sasniegumus \u2014 t\u0101pat k\u0101 Katr\u012bnas, kura ir pirm\u0101 sieviete no Baltijas, kas s\u0113rfojusi le\u0123end\u0101ros Nazar\u0113 vi\u013c\u0146us.<\/span><\/p>\n<p>Bikses ar paaugstin\u0101tu jostasvietu, kas izgatavotas no \u012bpa\u0161i m\u012bksta auduma, ir veidotas, lai t\u0101s b\u016btu viegli kombin\u0113t ar MUTA topiem vai ar citiem j\u016bsu ap\u0123\u0113rba gabaliem. Platas bikses ir lieliska izv\u0113le vasaras un pavasara dien\u0101m.<br \/>\nMateri\u0101ls: augst\u0101k\u0101s kvalit\u0101tes viskozes audums, kas piek\u013caujas \u0137ermenim, neierobe\u017eojot kust\u012bbu br\u012bv\u012bbu.<\/p>\n<p>Katr\u012bnas izm\u0113rs: EU S. Izstr\u0101d\u0101ts un izgatavots R\u012bg\u0101, Latvij\u0101.<br \/>\n\u0160UJAM P\u0112C PAS\u016aT\u012aJUMA. Izgatavo\u0161anas ilgums 10 l\u012bdz 12 darba dienas.<\/p>\n<p>Kop\u0161anas nor\u0101des: mazg\u0101t ve\u013casma\u0161\u012bn\u0101 saudz\u012bg\u0101 re\u017e\u012bm\u0101.<\/p>","protected":false},"excerpt":{"rendered":"<ul>\n<li>\u0160UJAM P\u0112C PAS\u016aT\u012aJUMA<\/li>\n<li>92% viskoze, 8% elast\u0101ns<\/li>\n<li>Izgatavots no Okeo-Tex sertific\u0113ta auduma<\/li>\n<li>A-piegriezuma forma<\/li>\n<li>Elast\u012bgs viduklis<\/li>\n<li>Ilgtsp\u0113j\u012bgi ra\u017eots neliel\u0101s partij\u0101s<\/li>\n<li>Pieejamie izm\u0113ri: XS\u2013XL<\/li>\n<\/ul>","protected":false},"featured_media":23297,"comment_status":"open","ping_status":"closed","template":"","meta":[],"product_brand":[],"product_cat":[111,51,124,62],"product_tag":[],"class_list":{"0":"post-23255","1":"product","2":"type-product","3":"status-publish","4":"has-post-thumbnail","6":"product_cat-bottoms","7":"product_cat-loungewear","8":"product_cat-pants","9":"product_cat-whats-new","10":"pa_size-l","11":"pa_size-m","12":"pa_size-s","13":"pa_size-xl","14":"pa_size-xs","16":"first","17":"instock","18":"featured","19":"taxable","20":"shipping-taxable","21":"purchasable","22":"product-type-variable"},"_links":{"self":[{"href":"https:\/\/mutastore.com\/lv\/wp-json\/wp\/v2\/product\/23255","targetHints":{"allow":["GET"]}}],"collection":[{"href":"https:\/\/mutastore.com\/lv\/wp-json\/wp\/v2\/product"}],"about":[{"href":"https:\/\/mutastore.com\/lv\/wp-json\/wp\/v2\/types\/product"}],"replies":[{"embeddable":true,"href":"https:\/\/mutastore.com\/lv\/wp-json\/wp\/v2\/comments?post=23255"}],"wp:featuredmedia":[{"embeddable":true,"href":"https:\/\/mutastore.com\/lv\/wp-json\/wp\/v2\/media\/23297"}],"wp:attachment":[{"href":"https:\/\/mutastore.com\/lv\/wp-json\/wp\/v2\/media?parent=23255"}],"wp:term":[{"taxonomy":"product_brand","embeddable":true,"href":"https:\/\/mutastore.com\/lv\/wp-json\/wp\/v2\/product_brand?post=23255"},{"taxonomy":"product_cat","embeddable":true,"href":"https:\/\/mutastore.com\/lv\/wp-json\/wp\/v2\/product_cat?post=23255"},{"taxonomy":"product_tag","embeddable":true,"href":"https:\/\/mutastore.com\/lv\/wp-json\/wp\/v2\/product_tag?post=23255"}],"curies":[{"name":"wp","href":"https:\/\/api.w.org\/{rel}","templated":true}]}}