{"id":23302,"date":"2025-06-20T18:00:15","date_gmt":"2025-06-20T15:00:15","guid":{"rendered":"https:\/\/mutastore.com\/?post_type=product&#038;p=23302"},"modified":"2026-04-25T19:14:43","modified_gmt":"2026-04-25T16:14:43","slug":"kati-x-muta-flowy-shorts-ocean-blue","status":"publish","type":"product","link":"https:\/\/mutastore.com\/lv\/product\/kati-x-muta-flowy-shorts-ocean-blue\/","title":{"rendered":"KATI x MUTA \/ Plati \u0161orti \/ OKE\u0100NA ZILI"},"content":{"rendered":"<p><span class=\"OYPEnA font-feature-liga-off font-feature-clig-off font-feature-calt-off text-decoration-none text-strikethrough-none\">Kapsules kolekcija iedvesmota no skaistuma, sp\u0113ka un prieka, kas rodas, kad pie\u0146emam savu patieso b\u016bt\u012bbu.<\/span><\/p>\n<p class=\"cvGsUA direction-ltr align-center para-style-body\"><span class=\"OYPEnA font-feature-liga-off font-feature-clig-off font-feature-calt-off text-decoration-none text-strikethrough-none\">Kolekcija <\/span><span class=\"OYPEnA font-feature-liga-off font-feature-clig-off font-feature-calt-off text-decoration-none text-strikethrough-none\">rad\u012bta sadarb\u012bb\u0101 ar Katr\u012bnu \u2014 latvie\u0161u s\u0113rfot\u0101ju, kuras piedz\u012bvojumu gars un starojo\u0161\u0101 ener\u0123ija iedvesmo. <\/span><span class=\"OYPEnA font-feature-liga-off font-feature-clig-off font-feature-calt-off text-decoration-none text-strikethrough-none\">P\u0113c daudziem gadiem, kas pavad\u012bti vienatn\u0113 ce\u013cojot pa pasauli, Katr\u012bna ir dzi\u013ci nov\u0113rt\u0113jusi individu\u0101l\u0101 ce\u013ca noz\u012bmi k\u0101 sp\u0113c\u012bgu pamatu \u2014 ta\u010du v\u0113l vair\u0101k to burv\u012bbu, kas rodas, kad m\u0113s savienojamies, atbalst\u0101m viens otru un svinam kop\u0101. Atbalst\u012bsim viens otra sap\u0146us un svin\u0113sim savus sasniegumus \u2014 t\u0101pat k\u0101 Katr\u012bnas, kura ir pirm\u0101 sieviete no Baltijas, kas s\u0113rfojusi le\u0123end\u0101ros Nazar\u0113 vi\u013c\u0146us.<\/span><\/p>\n<p>\u0160orti, kas izgatavoti no \u012bpa\u0161i m\u012bksta auduma, ir veidoti, lai tos viegli b\u016btu kombin\u0113t ar MUTA topiem vai ar citiem j\u016bsu dr\u0113bju skapja ap\u0123\u0113rba gabaliem. \u0160orti ir lieliska izv\u0113le silt\u0101m vasaras dien\u0101m.<br \/>\nMateri\u0101ls: augst\u0101k\u0101s kvalit\u0101tes viskozes audums, kas piek\u013caujas \u0137ermenim, neierobe\u017eojot kust\u012bbu br\u012bv\u012bbu.<\/p>\n<p>Katr\u012bnas izm\u0113rs: EU S. Izstr\u0101d\u0101ts un izgatavots R\u012bg\u0101, Latvij\u0101.<br \/>\n\u0160UJAM P\u0112C PAS\u016aT\u012aJUMA. Izgatavo\u0161anas ilgums 10 l\u012bdz 12 darba dienas.<\/p>\n<p>Kop\u0161anas nor\u0101des: mazg\u0101t ve\u013casma\u0161\u012bn\u0101, k\u0101 nor\u0101d\u012bts uz birkas.<\/p>","protected":false},"excerpt":{"rendered":"<ul>\n<li>\u0160UJAM P\u0112C PAS\u016aT\u012aJUMA<\/li>\n<li>92% viskoze, 8% elast\u0101ns<\/li>\n<li>Izgatavots no Okeo-Tex sertific\u0113ta auduma<\/li>\n<li>A-piegriezuma forma<\/li>\n<li>Elast\u012bgs viduklis<\/li>\n<li>Ilgtsp\u0113j\u012bgi ra\u017eots neliel\u0101s partij\u0101s<\/li>\n<li>Pieejamie izm\u0113ri: XS\u2013XL<\/li>\n<\/ul>","protected":false},"featured_media":23309,"comment_status":"open","ping_status":"closed","template":"","meta":[],"product_brand":[],"product_cat":[111,51,86,62],"product_tag":[],"class_list":{"0":"post-23302","1":"product","2":"type-product","3":"status-publish","4":"has-post-thumbnail","6":"product_cat-bottoms","7":"product_cat-loungewear","8":"product_cat-shorts","9":"product_cat-whats-new","10":"pa_size-l","11":"pa_size-m","12":"pa_size-s","13":"pa_size-xl","14":"pa_size-xs","16":"first","17":"instock","18":"sale","19":"featured","20":"taxable","21":"shipping-taxable","22":"purchasable","23":"product-type-variable"},"_links":{"self":[{"href":"https:\/\/mutastore.com\/lv\/wp-json\/wp\/v2\/product\/23302","targetHints":{"allow":["GET"]}}],"collection":[{"href":"https:\/\/mutastore.com\/lv\/wp-json\/wp\/v2\/product"}],"about":[{"href":"https:\/\/mutastore.com\/lv\/wp-json\/wp\/v2\/types\/product"}],"replies":[{"embeddable":true,"href":"https:\/\/mutastore.com\/lv\/wp-json\/wp\/v2\/comments?post=23302"}],"wp:featuredmedia":[{"embeddable":true,"href":"https:\/\/mutastore.com\/lv\/wp-json\/wp\/v2\/media\/23309"}],"wp:attachment":[{"href":"https:\/\/mutastore.com\/lv\/wp-json\/wp\/v2\/media?parent=23302"}],"wp:term":[{"taxonomy":"product_brand","embeddable":true,"href":"https:\/\/mutastore.com\/lv\/wp-json\/wp\/v2\/product_brand?post=23302"},{"taxonomy":"product_cat","embeddable":true,"href":"https:\/\/mutastore.com\/lv\/wp-json\/wp\/v2\/product_cat?post=23302"},{"taxonomy":"product_tag","embeddable":true,"href":"https:\/\/mutastore.com\/lv\/wp-json\/wp\/v2\/product_tag?post=23302"}],"curies":[{"name":"wp","href":"https:\/\/api.w.org\/{rel}","templated":true}]}}