{"id":23617,"date":"2025-09-09T12:17:12","date_gmt":"2025-09-09T09:17:12","guid":{"rendered":"https:\/\/mutastore.com\/?post_type=product&#038;p=23617"},"modified":"2026-04-25T17:47:50","modified_gmt":"2026-04-25T14:47:50","slug":"natural-material-hugging-crop-top-melange","status":"publish","type":"product","link":"https:\/\/mutastore.com\/lv\/product\/natural-material-hugging-crop-top-melange\/","title":{"rendered":"Sa\u012bsin\u0101ts tops ar gar\u0101m piedurkn\u0113m \/ RAIBI PEL\u0112KS"},"content":{"rendered":"<p><strong>Piln\u012bgs komforts<\/strong><br> Sa\u012bsin\u0101tais tops kop\u0101 ar m\u016bsu augst\u0101s jostasvietas legingiem teicami nosegs visu tavu augumu. Praktisks, komfortabls un reiz\u0113 \u2013 sportisks!<\/p>\n<p><strong>Kop\u0161ana<\/strong><br>Mazg\u0101t ve\u013casma\u0161\u012bn\u0101, atbilsto\u0161i nor\u0101d\u0113m uz birkas.<br><strong>Materi\u0101ls<\/strong><br> \u0160\u016bts no elast\u012bga un piegu\u013co\u0161a auguma, kas piek\u013caujas \u0137ermenim un \u013cauj justies \u0113rti. <br><\/p>\n<p>\u0160UJAM P\u0112C PAS\u016aT\u012aJUMA. Izgatavo\u0161anas ilgums 10 l\u012bdz 12 darba dienas.<\/p>\n<p>Modeles augums ir 170 cm, izm\u0113rs EU S.<br \/>\nIzstr\u0101d\u0101ts un izgatavots R\u012bg\u0101, Latvij\u0101.<\/p>","protected":false},"excerpt":{"rendered":"<ul>\n<li>\u0160UJAM P\u0112C PAS\u016aT\u012aJUMA<\/li>\n<li>92% viskoze, 8% elast\u0101ns<\/li>\n<li>Apa\u013c\u0161 kakla izgriezums<\/li>\n<li>Sa\u012bsin\u0101ta viduk\u013ca l\u012bnija<\/li>\n<li>Lieliski sader ar m\u016bsu augst\u0101s jostasvietas legingiem<\/li>\n<li>Pagarin\u0101tas piedurknes papildus komfortam<\/li>\n<li>Viegli kombin\u0113jams ar citu j\u016bsu garderobes ap\u0123\u0113rbu<\/li>\n<\/ul>","protected":false},"featured_media":23624,"comment_status":"open","ping_status":"closed","template":"","meta":[],"product_brand":[],"product_cat":[52,51,61,62],"product_tag":[],"class_list":{"0":"post-23617","1":"product","2":"type-product","3":"status-publish","4":"has-post-thumbnail","6":"product_cat-crop-tops","7":"product_cat-loungewear","8":"product_cat-stay-cozy","9":"product_cat-whats-new","10":"pa_size-l","11":"pa_size-m","12":"pa_size-s","13":"pa_size-xl","14":"pa_size-xs","16":"first","17":"instock","18":"sale","19":"featured","20":"taxable","21":"shipping-taxable","22":"purchasable","23":"product-type-variable"},"_links":{"self":[{"href":"https:\/\/mutastore.com\/lv\/wp-json\/wp\/v2\/product\/23617","targetHints":{"allow":["GET"]}}],"collection":[{"href":"https:\/\/mutastore.com\/lv\/wp-json\/wp\/v2\/product"}],"about":[{"href":"https:\/\/mutastore.com\/lv\/wp-json\/wp\/v2\/types\/product"}],"replies":[{"embeddable":true,"href":"https:\/\/mutastore.com\/lv\/wp-json\/wp\/v2\/comments?post=23617"}],"wp:featuredmedia":[{"embeddable":true,"href":"https:\/\/mutastore.com\/lv\/wp-json\/wp\/v2\/media\/23624"}],"wp:attachment":[{"href":"https:\/\/mutastore.com\/lv\/wp-json\/wp\/v2\/media?parent=23617"}],"wp:term":[{"taxonomy":"product_brand","embeddable":true,"href":"https:\/\/mutastore.com\/lv\/wp-json\/wp\/v2\/product_brand?post=23617"},{"taxonomy":"product_cat","embeddable":true,"href":"https:\/\/mutastore.com\/lv\/wp-json\/wp\/v2\/product_cat?post=23617"},{"taxonomy":"product_tag","embeddable":true,"href":"https:\/\/mutastore.com\/lv\/wp-json\/wp\/v2\/product_tag?post=23617"}],"curies":[{"name":"wp","href":"https:\/\/api.w.org\/{rel}","templated":true}]}}