{"id":2995,"date":"2022-04-21T16:28:53","date_gmt":"2022-04-21T16:28:53","guid":{"rendered":"https:\/\/mutastore.com\/?post_type=product&#038;p=2995"},"modified":"2025-10-12T13:05:48","modified_gmt":"2025-10-12T10:05:48","slug":"rib-organic-cotton-cropped-hoodie-navy-blue","status":"publish","type":"product","link":"https:\/\/mutastore.com\/lv\/product\/rib-organic-cotton-cropped-hoodie-navy-blue\/","title":{"rendered":"Sa\u012bsin\u0101ts rievotas organisk\u0101s kokvilnas d\u017eemperis ar kapuci \/ TUM\u0160I ZILS"},"content":{"rendered":"<p class=\"translation-block\"><strong>Dabisks komforts<\/strong><br> Sa\u012bsin\u0101tais rievotas organisk\u0101s kokvilnas d\u017eemperis ar kapuci ir videi draudz\u012bgs un \u0113tiski izgatavots.<br><strong>Kop\u0161ana<\/strong><br>Mazg\u0101t ve\u013casma\u0161\u012bn\u0101, k\u0101 nor\u0101d\u012bts uz birkas. <br><strong>Materi\u0101ls<\/strong><br>Biezs un kvalitat\u012bvs organiskas rievot\u0101s kokvilnas audums, kas piek\u013caujas \u0137ermenim, neierobe\u017eojot tavu kust\u012bbu br\u012bv\u012bbu.<\/p>\n<p class=\"translation-block\">Visi ap\u0123\u0113rbi savstarp\u0113ji kombin\u0113jami.<br>Modeles izm\u0113rs ir S.<\/p>\n<p>Izstr\u0101d\u0101ts un izgatavots R\u012bg\u0101, Latvij\u0101.<\/p>","protected":false},"excerpt":{"rendered":"<ul>\n<li>Izgatavots no Okeo-Tex sertific\u0113ta, Eiropas Savien\u012bb\u0101 ra\u017eota organiskas kokvilnas auduma<\/li>\n<li>97% organisk\u0101 kokvilna, 3% elast\u0101ns<\/li>\n<li>Standarta piegriezums<\/li>\n<li>Divsl\u0101\u0146u kapuce<\/li>\n<li>Sa\u012bsin\u0101ts garums<\/li>\n<li>Rievots audums<\/li>\n<li>Rad\u012bts \u0113tiski, no m\u016bsu sirds \u2013 tav\u0113jai<\/li>\n<li>Pieejamie izm\u0113ri: XS\u2013XL<\/li>\n<\/ul>","protected":false},"featured_media":386,"comment_status":"open","ping_status":"closed","template":"","meta":[],"product_brand":[],"product_cat":[48,114],"product_tag":[],"class_list":{"0":"post-2995","1":"product","2":"type-product","3":"status-publish","4":"has-post-thumbnail","6":"product_cat-effortless-comfort","7":"product_cat-sweatshirt","8":"pa_size-l","9":"pa_size-m","10":"pa_size-s","11":"pa_size-xl","12":"pa_size-xs","14":"first","15":"instock","16":"sale","17":"taxable","18":"shipping-taxable","19":"purchasable","20":"product-type-variable"},"_links":{"self":[{"href":"https:\/\/mutastore.com\/lv\/wp-json\/wp\/v2\/product\/2995","targetHints":{"allow":["GET"]}}],"collection":[{"href":"https:\/\/mutastore.com\/lv\/wp-json\/wp\/v2\/product"}],"about":[{"href":"https:\/\/mutastore.com\/lv\/wp-json\/wp\/v2\/types\/product"}],"replies":[{"embeddable":true,"href":"https:\/\/mutastore.com\/lv\/wp-json\/wp\/v2\/comments?post=2995"}],"wp:featuredmedia":[{"embeddable":true,"href":"https:\/\/mutastore.com\/lv\/wp-json\/wp\/v2\/media\/386"}],"wp:attachment":[{"href":"https:\/\/mutastore.com\/lv\/wp-json\/wp\/v2\/media?parent=2995"}],"wp:term":[{"taxonomy":"product_brand","embeddable":true,"href":"https:\/\/mutastore.com\/lv\/wp-json\/wp\/v2\/product_brand?post=2995"},{"taxonomy":"product_cat","embeddable":true,"href":"https:\/\/mutastore.com\/lv\/wp-json\/wp\/v2\/product_cat?post=2995"},{"taxonomy":"product_tag","embeddable":true,"href":"https:\/\/mutastore.com\/lv\/wp-json\/wp\/v2\/product_tag?post=2995"}],"curies":[{"name":"wp","href":"https:\/\/api.w.org\/{rel}","templated":true}]}}