{"id":3037,"date":"2022-04-21T16:29:01","date_gmt":"2022-04-21T16:29:01","guid":{"rendered":"https:\/\/mutastore.com\/?post_type=product&#038;p=3037"},"modified":"2026-01-20T11:51:17","modified_gmt":"2026-01-20T09:51:17","slug":"rib-organic-cotton-long-top-khaki","status":"publish","type":"product","link":"https:\/\/mutastore.com\/lv\/product\/rib-organic-cotton-long-top-khaki\/","title":{"rendered":"Gar\u0161 rievotas organisk\u0101s kokvilnas tops \/ KHAKI"},"content":{"rendered":"<p><strong>Effortless comfort<\/strong><br \/>\nMUTA ribbed long top is a classic addition to any look.<br \/>\n<strong>Care instructions<\/strong><br \/>\nMachine-wash according to instructions on care label.<br \/>\n<strong>Material<\/strong><br \/>\nPremium thickness organic rib fabric that hugs your body, yet gives effortless freedom of comfortable movement.<\/p>\n<p class=\"translation-block\">Visi ap\u0123\u0113rbi savstarp\u0113ji kombin\u0113jami.<br>Modeles izm\u0113rs ir S.<\/p>\n<p>Izstr\u0101d\u0101ts un izgatavots R\u012bg\u0101, Latvij\u0101.<\/p>","protected":false},"excerpt":{"rendered":"<ul>\n<li>Izgatavots no Okeo-Tex sertific\u0113ta, Eiropas Savien\u012bb\u0101 ra\u017eota organiskas kokvilnas auduma<\/li>\n<li>97% organisk\u0101 kokvilna, 3% elast\u0101ns<\/li>\n<li>Piegu\u013co\u0161s piegriezums<\/li>\n<li>Augsta apkakle<\/li>\n<li>Standarta garums<\/li>\n<li>Rad\u012bts \u0113tiski, no m\u016bsu sirds \u2013 tav\u0113jai<\/li>\n<li>Pieejamie izm\u0113ri: XS\u2013XL<\/li>\n<\/ul>","protected":false},"featured_media":393,"comment_status":"open","ping_status":"closed","template":"","meta":[],"product_brand":[],"product_cat":[48,110,51],"product_tag":[],"class_list":{"0":"post-3037","1":"product","2":"type-product","3":"status-publish","4":"has-post-thumbnail","6":"product_cat-effortless-comfort","7":"product_cat-long-sleeve-tops-2","8":"product_cat-loungewear","9":"pa_size-l","10":"pa_size-m","11":"pa_size-s","12":"pa_size-xl","13":"pa_size-xs","15":"first","16":"instock","17":"sale","18":"featured","19":"taxable","20":"shipping-taxable","21":"purchasable","22":"product-type-variable"},"_links":{"self":[{"href":"https:\/\/mutastore.com\/lv\/wp-json\/wp\/v2\/product\/3037","targetHints":{"allow":["GET"]}}],"collection":[{"href":"https:\/\/mutastore.com\/lv\/wp-json\/wp\/v2\/product"}],"about":[{"href":"https:\/\/mutastore.com\/lv\/wp-json\/wp\/v2\/types\/product"}],"replies":[{"embeddable":true,"href":"https:\/\/mutastore.com\/lv\/wp-json\/wp\/v2\/comments?post=3037"}],"wp:featuredmedia":[{"embeddable":true,"href":"https:\/\/mutastore.com\/lv\/wp-json\/wp\/v2\/media\/393"}],"wp:attachment":[{"href":"https:\/\/mutastore.com\/lv\/wp-json\/wp\/v2\/media?parent=3037"}],"wp:term":[{"taxonomy":"product_brand","embeddable":true,"href":"https:\/\/mutastore.com\/lv\/wp-json\/wp\/v2\/product_brand?post=3037"},{"taxonomy":"product_cat","embeddable":true,"href":"https:\/\/mutastore.com\/lv\/wp-json\/wp\/v2\/product_cat?post=3037"},{"taxonomy":"product_tag","embeddable":true,"href":"https:\/\/mutastore.com\/lv\/wp-json\/wp\/v2\/product_tag?post=3037"}],"curies":[{"name":"wp","href":"https:\/\/api.w.org\/{rel}","templated":true}]}}