{"id":3085,"date":"2022-04-21T16:29:08","date_gmt":"2022-04-21T16:29:08","guid":{"rendered":"https:\/\/mutastore.com\/?post_type=product&#038;p=3085"},"modified":"2026-05-05T10:33:03","modified_gmt":"2026-05-05T07:33:03","slug":"rib-organic-cotton-leggings-latte","status":"publish","type":"product","link":"https:\/\/mutastore.com\/lv\/product\/rib-organic-cotton-leggings-latte\/","title":{"rendered":"Rievoti organisk\u0101s kokvilnas legingi \/ LATTE"},"content":{"rendered":"<p class=\"translation-block\"><strong>Piln\u012bgs komforts<\/strong><br>\u0160ie legingi piek\u013caujas augumam k\u0101 otr\u0101 \u0101da, reiz\u0113 \u013caujot tai br\u012bvi elpot, un izce\u013cot tavu fig\u016bru. <br><strong>Kop\u0161ana<\/strong><br>Mazg\u0101t ve\u013casma\u0161\u012bn\u0101, atbilsto\u0161i nor\u0101d\u0113m uz birkas. <br><strong>Materi\u0101ls<\/strong><br>Biezs un kvalitat\u012bvs organiskas rievot\u0101s kokvilnas audums, kas piek\u013caujas \u0137ermenim, neierobe\u017eojot tavu kust\u012bbu br\u012bv\u012bbu.<\/p>\n<p class=\"translation-block\">Visi ap\u0123\u0113rbi savstarp\u0113ji kombin\u0113jami.<br>Modeles izm\u0113rs ir S.<\/p>\n<p>Izstr\u0101d\u0101ts un izgatavots R\u012bg\u0101, Latvij\u0101.<\/p>","protected":false},"excerpt":{"rendered":"<ul>\n<li>Izgatavots no Okeo-Tex sertific\u0113ta, Eiropas Savien\u012bb\u0101 ra\u017eota organiskas kokvilnas auduma<\/li>\n<li>97% organisk\u0101 kokvilna, 3% elast\u0101ns<\/li>\n<li>Divsl\u0101\u0146u viduklis<\/li>\n<li>Piegu\u013co\u0161s piegriezums<\/li>\n<li>Augsta jostasvieta<\/li>\n<li>Elast\u012bgs viduklis<\/li>\n<li>Rad\u012bts \u0113tiski, no m\u016bsu sirds \u2013 tav\u0113jai<\/li>\n<li>Pieejamie izm\u0113ri: XS\u2013XL<\/li>\n<li>Garums l\u012bdz pot\u012bt\u0113m<\/li>\n<\/ul>","protected":false},"featured_media":401,"comment_status":"open","ping_status":"closed","template":"","meta":[],"product_brand":[],"product_cat":[111,48,51],"product_tag":[],"class_list":{"0":"post-3085","1":"product","2":"type-product","3":"status-publish","4":"has-post-thumbnail","6":"product_cat-bottoms","7":"product_cat-effortless-comfort","8":"product_cat-loungewear","9":"pa_size-l","10":"pa_size-m","11":"pa_size-s","12":"pa_size-xl","13":"pa_size-xs","15":"first","16":"instock","17":"sale","18":"featured","19":"taxable","20":"shipping-taxable","21":"purchasable","22":"product-type-variable"},"_links":{"self":[{"href":"https:\/\/mutastore.com\/lv\/wp-json\/wp\/v2\/product\/3085","targetHints":{"allow":["GET"]}}],"collection":[{"href":"https:\/\/mutastore.com\/lv\/wp-json\/wp\/v2\/product"}],"about":[{"href":"https:\/\/mutastore.com\/lv\/wp-json\/wp\/v2\/types\/product"}],"replies":[{"embeddable":true,"href":"https:\/\/mutastore.com\/lv\/wp-json\/wp\/v2\/comments?post=3085"}],"wp:featuredmedia":[{"embeddable":true,"href":"https:\/\/mutastore.com\/lv\/wp-json\/wp\/v2\/media\/401"}],"wp:attachment":[{"href":"https:\/\/mutastore.com\/lv\/wp-json\/wp\/v2\/media?parent=3085"}],"wp:term":[{"taxonomy":"product_brand","embeddable":true,"href":"https:\/\/mutastore.com\/lv\/wp-json\/wp\/v2\/product_brand?post=3085"},{"taxonomy":"product_cat","embeddable":true,"href":"https:\/\/mutastore.com\/lv\/wp-json\/wp\/v2\/product_cat?post=3085"},{"taxonomy":"product_tag","embeddable":true,"href":"https:\/\/mutastore.com\/lv\/wp-json\/wp\/v2\/product_tag?post=3085"}],"curies":[{"name":"wp","href":"https:\/\/api.w.org\/{rel}","templated":true}]}}