{"id":3097,"date":"2022-04-21T16:29:12","date_gmt":"2022-04-21T16:29:12","guid":{"rendered":"https:\/\/mutastore.com\/?post_type=product&#038;p=3097"},"modified":"2025-10-16T21:25:54","modified_gmt":"2025-10-16T18:25:54","slug":"organic-cotton-long-sleeve-top-khaki","status":"publish","type":"product","link":"https:\/\/mutastore.com\/lv\/product\/organic-cotton-long-sleeve-top-khaki\/","title":{"rendered":"Organisk\u0101s kokvilnas tops ar gar\u0101m piedurkn\u0113m \/ KHAKI"},"content":{"rendered":"<p><strong>Gaum\u012bgs komforts<\/strong><br> Garais tops ieskauj un pieglau\u017eas, aicinot apv\u012bt rokas ap sevi maig\u0101 apsk\u0101vien\u0101. Tops piln\u012bgi piek\u013caujas tava auguma l\u012bnij\u0101m. Pieska\u0146o topam m\u016bsu augst\u0101s jostasvietas legingus vai vienk\u0101r\u0161i savus m\u012b\u013c\u0101kos d\u017einsus!<\/p>\n<p><strong>Kop\u0161ana<\/strong><br>Mazg\u0101t ve\u013casma\u0161\u012bn\u0101, atbilsto\u0161i nor\u0101d\u0113m uz birkas.<br><strong>Materi\u0101ls<\/strong><br> \u0160\u016bts no elast\u012bga un piegu\u013co\u0161a auguma, kas piek\u013caujas \u0137ermenim un \u013cauj justies \u0113rti. <br><\/p>\n<p>\u0160UJAM P\u0112C PAS\u016aT\u012aJUMA. Izgatavo\u0161anas ilgums 10 l\u012bdz 12 darba dienas.<br \/>\nVisi ap\u0123\u0113rbi savstarp\u0113ji kombin\u0113jami.<\/p>\n<p>Modeles izm\u0113rs ir S.<br \/>\nIzstr\u0101d\u0101ts un izgatavots R\u012bg\u0101, Latvij\u0101.<\/p>","protected":false},"excerpt":{"rendered":"<ul>\n<li>\u0160UJAM P\u0112C PAS\u016aT\u012aJUMA<\/li>\n<li>Izgatavots no Okeo-Tex sertific\u0113ta, Eiropas Savien\u012bb\u0101 ra\u017eota organiskas kokvilnas auduma<\/li>\n<li>92% organisk\u0101 kokvilna, 8% elast\u0101ns<\/li>\n<li>Apa\u013c\u0161 kakla izgriezums<\/li>\n<li>Piegu\u013co\u0161s, sievi\u0161\u0137\u012bgs piegriezums<\/li>\n<li>Lieliski piel\u0101gojas \u0137erme\u0146a formai<\/li>\n<li>Pagarin\u0101tas piedurknes papildus komfortam<\/li>\n<li>Pagarin\u0101ta aizmugures apak\u0161mala maksim\u0101lam komfortam<\/li>\n<li>Viegli kombin\u0113jams ar citu j\u016bsu garderobes ap\u0123\u0113rbu<\/li>\n<li>Pieejamie izm\u0113ri: XS\u2013XL<\/li>\n<li>Mazg\u0101t ve\u013casma\u0161\u012bn\u0101, k\u0101 nor\u0101d\u012bts uz birkas<\/li>\n<\/ul>","protected":false},"featured_media":742,"comment_status":"open","ping_status":"closed","template":"","meta":[],"product_brand":[],"product_cat":[110,51,61],"product_tag":[],"class_list":{"0":"post-3097","1":"product","2":"type-product","3":"status-publish","4":"has-post-thumbnail","6":"product_cat-long-sleeve-tops-2","7":"product_cat-loungewear","8":"product_cat-stay-cozy","9":"pa_size-l","10":"pa_size-m","11":"pa_size-s","12":"pa_size-xl","13":"pa_size-xs","15":"first","16":"instock","17":"sale","18":"featured","19":"taxable","20":"shipping-taxable","21":"purchasable","22":"product-type-variable"},"_links":{"self":[{"href":"https:\/\/mutastore.com\/lv\/wp-json\/wp\/v2\/product\/3097","targetHints":{"allow":["GET"]}}],"collection":[{"href":"https:\/\/mutastore.com\/lv\/wp-json\/wp\/v2\/product"}],"about":[{"href":"https:\/\/mutastore.com\/lv\/wp-json\/wp\/v2\/types\/product"}],"replies":[{"embeddable":true,"href":"https:\/\/mutastore.com\/lv\/wp-json\/wp\/v2\/comments?post=3097"}],"wp:featuredmedia":[{"embeddable":true,"href":"https:\/\/mutastore.com\/lv\/wp-json\/wp\/v2\/media\/742"}],"wp:attachment":[{"href":"https:\/\/mutastore.com\/lv\/wp-json\/wp\/v2\/media?parent=3097"}],"wp:term":[{"taxonomy":"product_brand","embeddable":true,"href":"https:\/\/mutastore.com\/lv\/wp-json\/wp\/v2\/product_brand?post=3097"},{"taxonomy":"product_cat","embeddable":true,"href":"https:\/\/mutastore.com\/lv\/wp-json\/wp\/v2\/product_cat?post=3097"},{"taxonomy":"product_tag","embeddable":true,"href":"https:\/\/mutastore.com\/lv\/wp-json\/wp\/v2\/product_tag?post=3097"}],"curies":[{"name":"wp","href":"https:\/\/api.w.org\/{rel}","templated":true}]}}