{"id":3103,"date":"2022-04-21T16:29:12","date_gmt":"2022-04-21T16:29:12","guid":{"rendered":"https:\/\/mutastore.com\/?post_type=product&#038;p=3103"},"modified":"2025-10-16T20:27:29","modified_gmt":"2025-10-16T17:27:29","slug":"organic-cotton-leggings-khaki","status":"publish","type":"product","link":"https:\/\/mutastore.com\/lv\/product\/organic-cotton-leggings-khaki\/","title":{"rendered":"Organisk\u0101s kokvilnas legingi\/ KHAKI"},"content":{"rendered":"<p><strong>Piln\u012bgs komforts<\/strong><br>Organisk\u0101s kokvilnas legingi piek\u013caujas tavam augumam k\u0101 otr\u0101 \u0101da, lai ko ar\u012b tu dar\u012btu. Klasiski un reiz\u0113 pavisam ori\u0123in\u0101li! Papildini ar m\u016bsu garo piedurk\u0146u topu un iemieso savu unik\u0101lo dabu!<\/p>\n<p><p><\/p><\/p>\n<p><strong>Kop\u0161ana<\/strong><br>Mazg\u0101t ve\u013casma\u0161\u012bn\u0101, atbilsto\u0161i nor\u0101d\u0113m uz birkas.<br><strong>Materi\u0101ls<\/strong><br> \u0160\u016bts no elast\u012bga un piegu\u013co\u0161a auguma, kas piek\u013caujas \u0137ermenim un \u013cauj justies \u0113rti. <br><\/p>\n<p>\u0160UJAM P\u0112C PAS\u016aT\u012aJUMA. Izgatavo\u0161anas ilgums 10 l\u012bdz 12 darba dienas.<br \/>\nVisi ap\u0123\u0113rbi savstarp\u0113ji kombin\u0113jami.<\/p>\n<p>Modeles izm\u0113rs ir S.<br \/>\nIzstr\u0101d\u0101ts un izgatavots R\u012bg\u0101, Latvij\u0101.<\/p>","protected":false},"excerpt":{"rendered":"<ul>\n<li>\u0160UJAM P\u0112C PAS\u016aT\u012aJUMA<\/li>\n<li>Izgatavots no Okeo-Tex sertific\u0113ta, Eiropas Savien\u012bb\u0101 ra\u017eota organiskas kokvilnas auduma<\/li>\n<li>92% organisk\u0101 kokvilna, 8% elast\u0101ns<\/li>\n<li>Dubulta jostas deta\u013ca, lai atbalst\u012btu v\u0113dera da\u013cu un nodro\u0161in\u0101tu maksim\u0101lu komfortu<\/li>\n<li>Paaugstin\u0101ta jostasvieta<\/li>\n<li>Dubulti v\u012b\u013cu stiprin\u0101jumi, lai legingi nodro\u0161in\u0101tu maksim\u0101lu kust\u012bbas amplit\u016bdu<\/li>\n<li>Viegli kombin\u0113jams ar citu j\u016bsu garderobes ap\u0123\u0113rbu<\/li>\n<li>Pieejamie izm\u0113ri: XS\u2013XL<\/li>\n<li>Mazg\u0101t ve\u013casma\u0161\u012bn\u0101, k\u0101 nor\u0101d\u012bts uz birkas<\/li>\n<\/ul>","protected":false},"featured_media":747,"comment_status":"open","ping_status":"closed","template":"","meta":[],"product_brand":[],"product_cat":[111,51,61],"product_tag":[],"class_list":{"0":"post-3103","1":"product","2":"type-product","3":"status-publish","4":"has-post-thumbnail","6":"product_cat-bottoms","7":"product_cat-loungewear","8":"product_cat-stay-cozy","9":"pa_size-l","10":"pa_size-m","11":"pa_size-s","12":"pa_size-xl","13":"pa_size-xs","15":"first","16":"instock","17":"sale","18":"featured","19":"taxable","20":"shipping-taxable","21":"purchasable","22":"product-type-variable"},"_links":{"self":[{"href":"https:\/\/mutastore.com\/lv\/wp-json\/wp\/v2\/product\/3103","targetHints":{"allow":["GET"]}}],"collection":[{"href":"https:\/\/mutastore.com\/lv\/wp-json\/wp\/v2\/product"}],"about":[{"href":"https:\/\/mutastore.com\/lv\/wp-json\/wp\/v2\/types\/product"}],"replies":[{"embeddable":true,"href":"https:\/\/mutastore.com\/lv\/wp-json\/wp\/v2\/comments?post=3103"}],"wp:featuredmedia":[{"embeddable":true,"href":"https:\/\/mutastore.com\/lv\/wp-json\/wp\/v2\/media\/747"}],"wp:attachment":[{"href":"https:\/\/mutastore.com\/lv\/wp-json\/wp\/v2\/media?parent=3103"}],"wp:term":[{"taxonomy":"product_brand","embeddable":true,"href":"https:\/\/mutastore.com\/lv\/wp-json\/wp\/v2\/product_brand?post=3103"},{"taxonomy":"product_cat","embeddable":true,"href":"https:\/\/mutastore.com\/lv\/wp-json\/wp\/v2\/product_cat?post=3103"},{"taxonomy":"product_tag","embeddable":true,"href":"https:\/\/mutastore.com\/lv\/wp-json\/wp\/v2\/product_tag?post=3103"}],"curies":[{"name":"wp","href":"https:\/\/api.w.org\/{rel}","templated":true}]}}