{"id":3157,"date":"2022-04-21T16:29:25","date_gmt":"2022-04-21T16:29:25","guid":{"rendered":"https:\/\/mutastore.com\/?post_type=product&#038;p=3157"},"modified":"2024-02-18T00:05:57","modified_gmt":"2024-02-17T22:05:57","slug":"organic-cotton-crop-top-grey","status":"publish","type":"product","link":"https:\/\/mutastore.com\/lv\/product\/organic-cotton-crop-top-grey\/","title":{"rendered":"Sa\u012bsin\u0101ts organisk\u0101s kokvilnas tops ar gar\u0101m piedurkn\u0113m \/ PEL\u0112KS"},"content":{"rendered":"<p><strong>Piln\u012bgs komforts<\/strong><br> Sa\u012bsin\u0101tais tops kop\u0101 ar m\u016bsu augst\u0101s jostasvietas legingiem teicami nosegs visu tavu augumu. Praktisks, komfortabls un reiz\u0113 \u2013 sportisks!<\/p>\n<p><strong>Kop\u0161ana<\/strong><br>Mazg\u0101t ve\u013casma\u0161\u012bn\u0101, atbilsto\u0161i nor\u0101d\u0113m uz birkas.<br><strong>Materi\u0101ls<\/strong><br> \u0160\u016bts no elast\u012bga un piegu\u013co\u0161a auguma, kas piek\u013caujas \u0137ermenim un \u013cauj justies \u0113rti. <br><\/p>\n<p>Modeles izm\u0113rs ir S.<\/p>\n<p>Izstr\u0101d\u0101ts un izgatavots R\u012bg\u0101, Latvij\u0101.<\/p>","protected":false},"excerpt":{"rendered":"<ul>\n<li>Izgatavots no Okeo-Tex sertific\u0113ta, Eiropas Savien\u012bb\u0101 ra\u017eota organiskas kokvilnas auduma<\/li>\n<li>92% organisk\u0101 kokvilna, 8% elast\u0101ns<\/li>\n<li>Apa\u013c\u0161 kakla izgriezums<\/li>\n<li>Sa\u012bsin\u0101ta viduk\u013ca l\u012bnija<\/li>\n<li>Lieliski sader ar m\u016bsu augst\u0101s jostasvietas legingiem<\/li>\n<li>Pagarin\u0101tas piedurknes papildus komfortam<\/li>\n<li>Viegli kombin\u0113jams ar citu j\u016bsu garderobes ap\u0123\u0113rbu<\/li>\n<\/ul>","protected":false},"featured_media":852,"comment_status":"open","ping_status":"closed","template":"","meta":[],"product_brand":[],"product_cat":[52,51,61],"product_tag":[],"class_list":{"0":"post-3157","1":"product","2":"type-product","3":"status-publish","4":"has-post-thumbnail","6":"product_cat-crop-tops","7":"product_cat-loungewear","8":"product_cat-stay-cozy","9":"pa_size-l","10":"pa_size-m","11":"pa_size-s","12":"pa_size-xl","13":"pa_size-xs","15":"first","16":"instock","17":"sale","18":"featured","19":"taxable","20":"shipping-taxable","21":"purchasable","22":"product-type-variable"},"_links":{"self":[{"href":"https:\/\/mutastore.com\/lv\/wp-json\/wp\/v2\/product\/3157","targetHints":{"allow":["GET"]}}],"collection":[{"href":"https:\/\/mutastore.com\/lv\/wp-json\/wp\/v2\/product"}],"about":[{"href":"https:\/\/mutastore.com\/lv\/wp-json\/wp\/v2\/types\/product"}],"replies":[{"embeddable":true,"href":"https:\/\/mutastore.com\/lv\/wp-json\/wp\/v2\/comments?post=3157"}],"wp:featuredmedia":[{"embeddable":true,"href":"https:\/\/mutastore.com\/lv\/wp-json\/wp\/v2\/media\/852"}],"wp:attachment":[{"href":"https:\/\/mutastore.com\/lv\/wp-json\/wp\/v2\/media?parent=3157"}],"wp:term":[{"taxonomy":"product_brand","embeddable":true,"href":"https:\/\/mutastore.com\/lv\/wp-json\/wp\/v2\/product_brand?post=3157"},{"taxonomy":"product_cat","embeddable":true,"href":"https:\/\/mutastore.com\/lv\/wp-json\/wp\/v2\/product_cat?post=3157"},{"taxonomy":"product_tag","embeddable":true,"href":"https:\/\/mutastore.com\/lv\/wp-json\/wp\/v2\/product_tag?post=3157"}],"curies":[{"name":"wp","href":"https:\/\/api.w.org\/{rel}","templated":true}]}}