{"id":3373,"date":"2022-04-21T16:30:10","date_gmt":"2022-04-21T16:30:10","guid":{"rendered":"https:\/\/mutastore.com\/?post_type=product&#038;p=3373"},"modified":"2025-06-25T12:36:12","modified_gmt":"2025-06-25T09:36:12","slug":"organic-cotton-cheek-black-undies-3-pack","status":"publish","type":"product","link":"https:\/\/mutastore.com\/lv\/product\/organic-cotton-cheek-black-undies-3-pack\/","title":{"rendered":"Cotton CHEEK black undies \/ 3-pack"},"content":{"rendered":"<p>Cotton underwear with an emphasis on comfort. Elastic, breathable fabric that fits your hips perfectly without unwanted seamlines \u2013 nothing to distract you from complete comfort at home or during sports.<\/p>\n<p><strong>Kop\u0161ana<\/strong><br>Mazg\u0101t ve\u013casma\u0161\u012bn\u0101, atbilsto\u0161i nor\u0101d\u0113m uz birkas.<br><strong>Materi\u0101ls<\/strong><br> \u0160\u016bts no elast\u012bga un piegu\u013co\u0161a auguma, kas piek\u013caujas \u0137ermenim un \u013cauj justies \u0113rti. <br><\/p>\n<p>M\u0113s iesak\u0101m pas\u016bt\u012bt vienu izm\u0113ru liel\u0101ku par eso\u0161o izm\u0113ru.<\/p>\n<p>Izstr\u0101d\u0101ts un izgatavots R\u012bg\u0101, Latvij\u0101.<br \/>\n\u0160UJAM P\u0112C PAS\u016aT\u012aJUMA. Izgatavo\u0161anas ilgums 10 l\u012bdz 12 darba dienas.<\/p>\n<p>Apak\u0161ve\u013cas atgrie\u0161anu nepie\u0146emam.<\/p>\n<p>M\u0112S NEPIE\u0145EMAM ATGRIEZTO APAK\u0160VE\u013bU divu iemeslu d\u0113\u013c. Pirmk\u0101rt, higi\u0113nas d\u0113\u013c, un, otrk\u0101rt, lai produkts nenon\u0101ktu izg\u0101ztuv\u0113. Ja mums tiek atgriezta apak\u0161ve\u013ca, m\u0113s nevaram t\u0101s izmantot v\u0113lreiz, t\u0101p\u0113c t\u0101s non\u0101k atkritumos. M\u016bsu ilgtsp\u0113j\u012bbas ap\u0146em\u0161an\u0101s ir mazin\u0101t atkritumus.<\/p>","protected":false},"excerpt":{"rendered":"<ul>\n<li>\u0160UJAM P\u0112C PAS\u016aT\u012aJUMA<\/li>\n<li>Made from Oeko-tex certified cotton fabric manufactured in the EU<\/li>\n<li>97% cotton, 3% elastane<\/li>\n<li>Standarta piegriezne ar plat\u0101k\u0101m mal\u0101m piln\u012bgam komfortam<\/li>\n<li>Mazliet elast\u012bgas mali\u0146as<\/li>\n<li>Pieejamie izm\u0113ri: XS\u2013XL<\/li>\n<li>Mazg\u0101t ve\u013casma\u0161\u012bn\u0101, k\u0101 nor\u0101d\u012bts uz birkas<\/li>\n<li>M\u0113s iesak\u0101m pas\u016bt\u012bt vienu izm\u0113ru liel\u0101ku par eso\u0161o izm\u0113ru<\/li>\n<li>Apak\u0161ve\u013cas atgrie\u0161anu nepie\u0146emam<\/li>\n<\/ul>","protected":false},"featured_media":1376,"comment_status":"open","ping_status":"closed","template":"","meta":[],"product_brand":[],"product_cat":[61,84],"product_tag":[],"class_list":{"0":"post-3373","1":"product","2":"type-product","3":"status-publish","4":"has-post-thumbnail","6":"product_cat-stay-cozy","7":"product_cat-underwear","8":"pa_size-l","9":"pa_size-m","10":"pa_size-s","11":"pa_size-xl","12":"pa_size-xs","14":"first","15":"instock","16":"featured","17":"taxable","18":"shipping-taxable","19":"purchasable","20":"product-type-variable"},"_links":{"self":[{"href":"https:\/\/mutastore.com\/lv\/wp-json\/wp\/v2\/product\/3373","targetHints":{"allow":["GET"]}}],"collection":[{"href":"https:\/\/mutastore.com\/lv\/wp-json\/wp\/v2\/product"}],"about":[{"href":"https:\/\/mutastore.com\/lv\/wp-json\/wp\/v2\/types\/product"}],"replies":[{"embeddable":true,"href":"https:\/\/mutastore.com\/lv\/wp-json\/wp\/v2\/comments?post=3373"}],"wp:featuredmedia":[{"embeddable":true,"href":"https:\/\/mutastore.com\/lv\/wp-json\/wp\/v2\/media\/1376"}],"wp:attachment":[{"href":"https:\/\/mutastore.com\/lv\/wp-json\/wp\/v2\/media?parent=3373"}],"wp:term":[{"taxonomy":"product_brand","embeddable":true,"href":"https:\/\/mutastore.com\/lv\/wp-json\/wp\/v2\/product_brand?post=3373"},{"taxonomy":"product_cat","embeddable":true,"href":"https:\/\/mutastore.com\/lv\/wp-json\/wp\/v2\/product_cat?post=3373"},{"taxonomy":"product_tag","embeddable":true,"href":"https:\/\/mutastore.com\/lv\/wp-json\/wp\/v2\/product_tag?post=3373"}],"curies":[{"name":"wp","href":"https:\/\/api.w.org\/{rel}","templated":true}]}}