{"id":3823,"date":"2022-05-09T11:50:58","date_gmt":"2022-05-09T11:50:58","guid":{"rendered":"https:\/\/mutastore.com\/?post_type=product&#038;p=3823"},"modified":"2026-04-22T22:03:09","modified_gmt":"2026-04-22T19:03:09","slug":"plum-pink-grey-wild-violet-cropped-top","status":"publish","type":"product","link":"https:\/\/mutastore.com\/lv\/product\/plum-pink-grey-wild-violet-cropped-top\/","title":{"rendered":"Sa\u012bsin\u0101ts organisk\u0101s kokvilnas tops PL\u016aMJU VIOLETS \/ ROZ\u0100 \/ PEL\u0112KS \/ ZILI VIOLETS"},"content":{"rendered":"<p><p><\/p><\/p>\n<p><strong>Piln\u012bgs komforts<\/strong><br> Sa\u012bsin\u0101tais tops kop\u0101 ar m\u016bsu augst\u0101s jostasvietas legingiem teicami nosegs visu tavu augumu. Praktisks, komfortabls un reiz\u0113 \u2013 sportisks!&lt;br <strong>Kop\u0161ana<\/strong><br>Mazg\u0101t ve\u013casma\u0161\u012bn\u0101, atbilsto\u0161i nor\u0101d\u0113m uz birkas.<br><strong>Materi\u0101ls<\/strong><br> \u0160\u016bts no elast\u012bga un piegu\u013co\u0161a auguma, kas piek\u013caujas \u0137ermenim un \u013cauj justies \u0113rti<\/p>\n<p>Visi ap\u0123\u0113rbi savstarp\u0113ji kombin\u0113jami.<\/p>\n<p>Modeles izm\u0113rs ir S<\/p>\n<p>Izstr\u0101d\u0101ts un izgatavots R\u012bg\u0101, Latvij\u0101.<\/p>","protected":false},"excerpt":{"rendered":"<ul>\n<li class=\"translation-block\">Pieejams<strong> roz\u0101, pel\u0113k\u0101, pl\u016bmju violet\u0101 un zili violet\u0101<\/strong> kr\u0101s\u0101<\/li>\n<li>Izgatavots no Okeo-Tex sertific\u0113ta, Eiropas Savien\u012bb\u0101 ra\u017eota organiskas kokvilnas auduma<\/li>\n<li>Apa\u013c\u0161 kakla izgriezums<\/li>\n<li>Piegu\u013co\u0161s piegriezums<\/li>\n<li>Lieliski sader ar m\u016bsu augst\u0101s jostasvietas legingiem<\/li>\n<li>Viegli kombin\u0113jams ar citu j\u016bsu garderobes ap\u0123\u0113rbu<\/li>\n<li>Pieejamie izm\u0113ri: XS\u2013XL<\/li>\n<li>Mazg\u0101t ve\u013casma\u0161\u012bn\u0101, k\u0101 nor\u0101d\u012bts uz birkas<\/li>\n<\/ul>","protected":false},"featured_media":912,"comment_status":"open","ping_status":"closed","template":"","meta":[],"product_brand":[],"product_cat":[52,65,61],"product_tag":[],"class_list":{"0":"post-3823","1":"product","2":"type-product","3":"status-publish","4":"has-post-thumbnail","6":"product_cat-crop-tops","7":"product_cat-last-chance","8":"product_cat-stay-cozy","9":"pa_color-grey","10":"pa_color-plum","11":"pa_color-vintage-pink","12":"pa_color-wild-violet","13":"pa_size-l","14":"pa_size-m","15":"pa_size-s","16":"pa_size-xl","17":"pa_size-xs","19":"first","20":"instock","21":"sale","22":"featured","23":"taxable","24":"shipping-taxable","25":"purchasable","26":"product-type-variable"},"_links":{"self":[{"href":"https:\/\/mutastore.com\/lv\/wp-json\/wp\/v2\/product\/3823","targetHints":{"allow":["GET"]}}],"collection":[{"href":"https:\/\/mutastore.com\/lv\/wp-json\/wp\/v2\/product"}],"about":[{"href":"https:\/\/mutastore.com\/lv\/wp-json\/wp\/v2\/types\/product"}],"replies":[{"embeddable":true,"href":"https:\/\/mutastore.com\/lv\/wp-json\/wp\/v2\/comments?post=3823"}],"wp:featuredmedia":[{"embeddable":true,"href":"https:\/\/mutastore.com\/lv\/wp-json\/wp\/v2\/media\/912"}],"wp:attachment":[{"href":"https:\/\/mutastore.com\/lv\/wp-json\/wp\/v2\/media?parent=3823"}],"wp:term":[{"taxonomy":"product_brand","embeddable":true,"href":"https:\/\/mutastore.com\/lv\/wp-json\/wp\/v2\/product_brand?post=3823"},{"taxonomy":"product_cat","embeddable":true,"href":"https:\/\/mutastore.com\/lv\/wp-json\/wp\/v2\/product_cat?post=3823"},{"taxonomy":"product_tag","embeddable":true,"href":"https:\/\/mutastore.com\/lv\/wp-json\/wp\/v2\/product_tag?post=3823"}],"curies":[{"name":"wp","href":"https:\/\/api.w.org\/{rel}","templated":true}]}}