{"id":3850,"date":"2022-05-09T16:41:34","date_gmt":"2022-05-09T16:41:34","guid":{"rendered":"https:\/\/mutastore.com\/?post_type=product&#038;p=3850"},"modified":"2025-10-16T20:19:49","modified_gmt":"2025-10-16T17:19:49","slug":"100-cotton-kimono-sky-blue","status":"publish","type":"product","link":"https:\/\/mutastore.com\/lv\/product\/100-cotton-kimono-sky-blue\/","title":{"rendered":"Gai\u0161i zils organisk\u0101s kokvilnas kimono"},"content":{"rendered":"<p>100% organiskas kokvilnas auduma kimono ir rad\u012bts, lai tas b\u016btu univers\u0101ls un \u0113rts, lai ko tu dar\u012btu.<\/p>\n<p>Materi\u0101ls: augst\u0101k\u0101s kvalit\u0101tes organiskas kokvilnas audums, kas piek\u013caujas \u0137ermenim, neierobe\u017eojot kust\u012bbu br\u012bv\u012bbu.<\/p>\n<p>Visi ap\u0123\u0113rbi piem\u0113roti visda\u017e\u0101d\u0101kaj\u0101m dz\u012bves situ\u0101cij\u0101m. Ap\u0123\u0113rba dizains izcels tavu sievi\u0161\u0137\u012bbu un nodro\u0161in\u0101s maksim\u0101lu komfortu.<\/p>\n<p>Modeles izm\u0113rs ir S.<br \/>\nIzstr\u0101d\u0101ts un izgatavots R\u012bg\u0101, Latvij\u0101.<br \/>\n\u0160UJAM P\u0112C PAS\u016aT\u012aJUMA. Izgatavo\u0161anas ilgums 10 l\u012bdz 12 darba dienas.<\/p>\n<p>Kop\u0161anas nor\u0101des: mazg\u0101t ve\u013casma\u0161\u012bn\u0101, k\u0101 nor\u0101d\u012bts uz birkas.<\/p>","protected":false},"excerpt":{"rendered":"<ul>\n<li>\u0160UJAM P\u0112C PAS\u016aT\u012aJUMA<\/li>\n<li>Tr\u012bs sl\u0101\u0146u 100% organiskas kokvilnas audums<\/li>\n<li>Izgatavots no Okeo-Tex sertific\u0113ta, Eiropas Savien\u012bb\u0101 ra\u017eota organiskas kokvilnas auduma<\/li>\n<li>Br\u012bvs piegriezums<\/li>\n<li>No\u0146emama jostasvietas aizdare<\/li>\n<li>Jostas cilpas, lai nodro\u0161in\u0101tu aizdari<\/li>\n<li>Rad\u012bts \u0113tiski, no m\u016bsu sirds \u2013 tav\u0113jai<\/li>\n<li>Ilgtsp\u0113j\u012bgi ra\u017eots neliel\u0101s partij\u0101s<\/li>\n<li>Pieejamie izm\u0113ri: XS\u2013XL<\/li>\n<\/ul>","protected":false},"featured_media":3858,"comment_status":"open","ping_status":"closed","template":"","meta":[],"product_brand":[],"product_cat":[122,123,51,62],"product_tag":[],"class_list":{"0":"post-3850","1":"product","2":"type-product","3":"status-publish","4":"has-post-thumbnail","6":"product_cat-cherish-your-body","7":"product_cat-kimono","8":"product_cat-loungewear","9":"product_cat-whats-new","10":"pa_size-l","11":"pa_size-m","12":"pa_size-s","13":"pa_size-xl","14":"pa_size-xs","16":"first","17":"instock","18":"featured","19":"taxable","20":"shipping-taxable","21":"purchasable","22":"product-type-variable"},"_links":{"self":[{"href":"https:\/\/mutastore.com\/lv\/wp-json\/wp\/v2\/product\/3850","targetHints":{"allow":["GET"]}}],"collection":[{"href":"https:\/\/mutastore.com\/lv\/wp-json\/wp\/v2\/product"}],"about":[{"href":"https:\/\/mutastore.com\/lv\/wp-json\/wp\/v2\/types\/product"}],"replies":[{"embeddable":true,"href":"https:\/\/mutastore.com\/lv\/wp-json\/wp\/v2\/comments?post=3850"}],"wp:featuredmedia":[{"embeddable":true,"href":"https:\/\/mutastore.com\/lv\/wp-json\/wp\/v2\/media\/3858"}],"wp:attachment":[{"href":"https:\/\/mutastore.com\/lv\/wp-json\/wp\/v2\/media?parent=3850"}],"wp:term":[{"taxonomy":"product_brand","embeddable":true,"href":"https:\/\/mutastore.com\/lv\/wp-json\/wp\/v2\/product_brand?post=3850"},{"taxonomy":"product_cat","embeddable":true,"href":"https:\/\/mutastore.com\/lv\/wp-json\/wp\/v2\/product_cat?post=3850"},{"taxonomy":"product_tag","embeddable":true,"href":"https:\/\/mutastore.com\/lv\/wp-json\/wp\/v2\/product_tag?post=3850"}],"curies":[{"name":"wp","href":"https:\/\/api.w.org\/{rel}","templated":true}]}}